{"id":2158,"date":"2022-04-02T16:33:57","date_gmt":"2022-04-02T16:33:57","guid":{"rendered":"https:\/\/www.ajcl.es\/?page_id=2158"},"modified":"2025-06-03T08:52:23","modified_gmt":"2025-06-03T08:52:23","slug":"becas-fe-y-alegria-ecuador","status":"publish","type":"page","link":"https:\/\/www.ajcl.es\/index.php\/becas-fe-y-alegria-ecuador\/","title":{"rendered":"Fe y Alegr\u00eda Ecuador"},"content":{"rendered":"\t\t<div data-elementor-type=\"wp-page\" data-elementor-id=\"2158\" class=\"elementor elementor-2158\">\n\t\t\t\t\t\t<section class=\"elementor-section elementor-top-section elementor-element elementor-element-11f16d2d elementor-section-boxed elementor-section-height-default elementor-section-height-default\" data-id=\"11f16d2d\" data-element_type=\"section\" data-e-type=\"section\" data-settings=\"{&quot;background_background&quot;:&quot;classic&quot;}\">\n\t\t\t\t\t\t\t<div class=\"elementor-background-overlay\"><\/div>\n\t\t\t\t\t\t\t<div class=\"elementor-container elementor-column-gap-default\">\n\t\t\t\t\t<div class=\"elementor-column elementor-col-100 elementor-top-column elementor-element elementor-element-5efa53ad\" data-id=\"5efa53ad\" data-element_type=\"column\" data-e-type=\"column\" data-settings=\"{&quot;background_background&quot;:&quot;classic&quot;}\">\n\t\t\t<div class=\"elementor-widget-wrap elementor-element-populated\">\n\t\t\t\t\t\t<div class=\"elementor-element elementor-element-77419ba0 elementor-widget elementor-widget-heading\" data-id=\"77419ba0\" data-element_type=\"widget\" data-e-type=\"widget\" data-widget_type=\"heading.default\">\n\t\t\t\t<div class=\"elementor-widget-container\">\n\t\t\t\t\t<h6 class=\"elementor-heading-title elementor-size-large\">becas y aPADRINAMIENTOS<\/h6>\t\t\t\t<\/div>\n\t\t\t\t<\/div>\n\t\t\t\t<div class=\"elementor-element elementor-element-39b946f1 elementor-widget elementor-widget-heading\" data-id=\"39b946f1\" data-element_type=\"widget\" data-e-type=\"widget\" data-widget_type=\"heading.default\">\n\t\t\t\t<div class=\"elementor-widget-container\">\n\t\t\t\t\t<h2 class=\"elementor-heading-title elementor-size-large\">Fe y Alegr\u00eda ecuador<\/h2>\t\t\t\t<\/div>\n\t\t\t\t<\/div>\n\t\t\t\t<div class=\"elementor-element elementor-element-d2e6396 elementor-widget elementor-widget-text-editor\" data-id=\"d2e6396\" data-element_type=\"widget\" data-e-type=\"widget\" data-widget_type=\"text-editor.default\">\n\t\t\t\t<div class=\"elementor-widget-container\">\n\t\t\t\t\t\t\t\t\t<p>El programa de becas Fe y Alegr\u00eda Ecuador va dirigido a mantener los gastos de educaci\u00f3n, manutenci\u00f3n y vestuario de alrededor de media centena de alumnos en tres colegios pertenecientes a la asociaci\u00f3n Fe y Alegr\u00eda, ubicados en diferentes ciudades de Ecuador.<\/p>\t\t\t\t\t\t\t\t<\/div>\n\t\t\t\t<\/div>\n\t\t\t\t<div class=\"elementor-element elementor-element-6b1eba4b elementor-align-left elementor-tablet-align-center elementor-mobile-align-center elementor-widget elementor-widget-button\" data-id=\"6b1eba4b\" data-element_type=\"widget\" data-e-type=\"widget\" data-widget_type=\"button.default\">\n\t\t\t\t<div class=\"elementor-widget-container\">\n\t\t\t\t\t\t\t\t\t<div class=\"elementor-button-wrapper\">\n\t\t\t\t\t<a class=\"elementor-button elementor-button-link elementor-size-sm\" href=\"https:\/\/www.ajcl.es\/index.php\/unirse\/\">\n\t\t\t\t\t\t<span class=\"elementor-button-content-wrapper\">\n\t\t\t\t\t\t<span class=\"elementor-button-icon\">\n\t\t\t\t<i aria-hidden=\"true\" class=\"fas fa-caret-right\"><\/i>\t\t\t<\/span>\n\t\t\t\t\t\t\t\t\t<span class=\"elementor-button-text\">Contactar<\/span>\n\t\t\t\t\t<\/span>\n\t\t\t\t\t<\/a>\n\t\t\t\t<\/div>\n\t\t\t\t\t\t\t\t<\/div>\n\t\t\t\t<\/div>\n\t\t\t\t\t<\/div>\n\t\t<\/div>\n\t\t\t\t\t<\/div>\n\t\t<\/section>\n\t\t\t\t<section class=\"elementor-section elementor-top-section elementor-element elementor-element-dce7854 elementor-section-boxed elementor-section-height-default elementor-section-height-default\" data-id=\"dce7854\" data-element_type=\"section\" data-e-type=\"section\" data-settings=\"{&quot;background_background&quot;:&quot;classic&quot;}\">\n\t\t\t\t\t\t<div class=\"elementor-container elementor-column-gap-default\">\n\t\t\t\t\t<div class=\"elementor-column elementor-col-33 elementor-top-column elementor-element elementor-element-7e16e076\" data-id=\"7e16e076\" data-element_type=\"column\" data-e-type=\"column\">\n\t\t\t<div class=\"elementor-widget-wrap elementor-element-populated\">\n\t\t\t\t\t\t<div class=\"elementor-element elementor-element-487350dd elementor-position-top elementor-widget elementor-widget-image-box\" data-id=\"487350dd\" data-element_type=\"widget\" data-e-type=\"widget\" data-widget_type=\"image-box.default\">\n\t\t\t\t<div class=\"elementor-widget-container\">\n\t\t\t\t\t<div class=\"elementor-image-box-wrapper\"><figure class=\"elementor-image-box-img\"><img fetchpriority=\"high\" decoding=\"async\" width=\"300\" height=\"300\" src=\"https:\/\/www.ajcl.es\/wp-content\/uploads\/sites\/7\/2021\/09\/map-marker-tur-300x300.png\" class=\"attachment-medium size-medium wp-image-379\" alt=\"\" srcset=\"https:\/\/www.ajcl.es\/wp-content\/uploads\/sites\/7\/2021\/09\/map-marker-tur-300x300.png 300w, https:\/\/www.ajcl.es\/wp-content\/uploads\/sites\/7\/2021\/09\/map-marker-tur-150x150.png 150w, https:\/\/www.ajcl.es\/wp-content\/uploads\/sites\/7\/2021\/09\/map-marker-tur.png 512w\" sizes=\"(max-width: 300px) 100vw, 300px\" \/><\/figure><div class=\"elementor-image-box-content\"><h3 class=\"elementor-image-box-title\">localizaci\u00f3n<\/h3><p class=\"elementor-image-box-description\">Pintag, La Concha, Tol\u00f3ntag (Ecuador)<\/p><\/div><\/div>\t\t\t\t<\/div>\n\t\t\t\t<\/div>\n\t\t\t\t\t<\/div>\n\t\t<\/div>\n\t\t\t\t<div class=\"elementor-column elementor-col-33 elementor-top-column elementor-element elementor-element-3baa05f0\" data-id=\"3baa05f0\" data-element_type=\"column\" data-e-type=\"column\">\n\t\t\t<div class=\"elementor-widget-wrap elementor-element-populated\">\n\t\t\t\t\t\t<div class=\"elementor-element elementor-element-51dbd1ac elementor-position-top elementor-widget elementor-widget-image-box\" data-id=\"51dbd1ac\" data-element_type=\"widget\" data-e-type=\"widget\" data-widget_type=\"image-box.default\">\n\t\t\t\t<div class=\"elementor-widget-container\">\n\t\t\t\t\t<div class=\"elementor-image-box-wrapper\"><figure class=\"elementor-image-box-img\"><img decoding=\"async\" width=\"300\" height=\"300\" src=\"https:\/\/www.ajcl.es\/wp-content\/uploads\/sites\/7\/2021\/09\/calendar-tur-300x300.png\" class=\"attachment-medium size-medium wp-image-382\" alt=\"\" srcset=\"https:\/\/www.ajcl.es\/wp-content\/uploads\/sites\/7\/2021\/09\/calendar-tur-300x300.png 300w, https:\/\/www.ajcl.es\/wp-content\/uploads\/sites\/7\/2021\/09\/calendar-tur-150x150.png 150w, https:\/\/www.ajcl.es\/wp-content\/uploads\/sites\/7\/2021\/09\/calendar-tur.png 512w\" sizes=\"(max-width: 300px) 100vw, 300px\" \/><\/figure><div class=\"elementor-image-box-content\"><h3 class=\"elementor-image-box-title\">Duraci\u00f3n<\/h3><p class=\"elementor-image-box-description\">Desde el a\u00f1o 1992 hasta la actualidad<\/p><\/div><\/div>\t\t\t\t<\/div>\n\t\t\t\t<\/div>\n\t\t\t\t\t<\/div>\n\t\t<\/div>\n\t\t\t\t<div class=\"elementor-column elementor-col-33 elementor-top-column elementor-element elementor-element-742f3716\" data-id=\"742f3716\" data-element_type=\"column\" data-e-type=\"column\">\n\t\t\t<div class=\"elementor-widget-wrap elementor-element-populated\">\n\t\t\t\t\t\t<div class=\"elementor-element elementor-element-58b77e73 elementor-position-top elementor-widget elementor-widget-image-box\" data-id=\"58b77e73\" data-element_type=\"widget\" data-e-type=\"widget\" data-widget_type=\"image-box.default\">\n\t\t\t\t<div class=\"elementor-widget-container\">\n\t\t\t\t\t<div class=\"elementor-image-box-wrapper\"><figure class=\"elementor-image-box-img\"><img decoding=\"async\" width=\"300\" height=\"300\" src=\"https:\/\/www.ajcl.es\/wp-content\/uploads\/sites\/7\/2021\/09\/life-ring-300x300.png\" class=\"attachment-medium size-medium wp-image-418\" alt=\"\" srcset=\"https:\/\/www.ajcl.es\/wp-content\/uploads\/sites\/7\/2021\/09\/life-ring-300x300.png 300w, https:\/\/www.ajcl.es\/wp-content\/uploads\/sites\/7\/2021\/09\/life-ring-150x150.png 150w, https:\/\/www.ajcl.es\/wp-content\/uploads\/sites\/7\/2021\/09\/life-ring.png 512w\" sizes=\"(max-width: 300px) 100vw, 300px\" \/><\/figure><div class=\"elementor-image-box-content\"><h3 class=\"elementor-image-box-title\">Ayuda<\/h3><p class=\"elementor-image-box-description\">Pagar los gastos en educaci\u00f3n, manutenci\u00f3n y vestuario de alumnos con pocos recursos<\/p><\/div><\/div>\t\t\t\t<\/div>\n\t\t\t\t<\/div>\n\t\t\t\t\t<\/div>\n\t\t<\/div>\n\t\t\t\t\t<\/div>\n\t\t<\/section>\n\t\t\t\t<section class=\"elementor-section elementor-top-section elementor-element elementor-element-c3ca591 elementor-section-boxed elementor-section-height-default elementor-section-height-default\" data-id=\"c3ca591\" data-element_type=\"section\" data-e-type=\"section\">\n\t\t\t\t\t\t<div class=\"elementor-container elementor-column-gap-default\">\n\t\t\t\t\t<div class=\"elementor-column elementor-col-100 elementor-top-column elementor-element elementor-element-dd40882\" data-id=\"dd40882\" data-element_type=\"column\" data-e-type=\"column\">\n\t\t\t<div class=\"elementor-widget-wrap elementor-element-populated\">\n\t\t\t\t\t\t<div class=\"elementor-element elementor-element-3bf2459 elementor-widget-divider--view-line elementor-widget elementor-widget-divider\" data-id=\"3bf2459\" data-element_type=\"widget\" data-e-type=\"widget\" data-widget_type=\"divider.default\">\n\t\t\t\t<div class=\"elementor-widget-container\">\n\t\t\t\t\t\t\t<div class=\"elementor-divider\">\n\t\t\t<span class=\"elementor-divider-separator\">\n\t\t\t\t\t\t<\/span>\n\t\t<\/div>\n\t\t\t\t\t\t<\/div>\n\t\t\t\t<\/div>\n\t\t\t\t\t<\/div>\n\t\t<\/div>\n\t\t\t\t\t<\/div>\n\t\t<\/section>\n\t\t\t\t<section class=\"elementor-section elementor-top-section elementor-element elementor-element-1836df7b elementor-section-boxed elementor-section-height-default elementor-section-height-default\" data-id=\"1836df7b\" data-element_type=\"section\" data-e-type=\"section\" data-settings=\"{&quot;background_background&quot;:&quot;classic&quot;}\">\n\t\t\t\t\t\t<div class=\"elementor-container elementor-column-gap-default\">\n\t\t\t\t\t<div class=\"elementor-column elementor-col-33 elementor-top-column elementor-element elementor-element-2c22e1ea\" data-id=\"2c22e1ea\" data-element_type=\"column\" data-e-type=\"column\">\n\t\t\t<div class=\"elementor-widget-wrap elementor-element-populated\">\n\t\t\t\t\t\t<div class=\"elementor-element elementor-element-622d680d elementor-position-top elementor-widget elementor-widget-image-box\" data-id=\"622d680d\" data-element_type=\"widget\" data-e-type=\"widget\" data-widget_type=\"image-box.default\">\n\t\t\t\t<div class=\"elementor-widget-container\">\n\t\t\t\t\t<div class=\"elementor-image-box-wrapper\"><figure class=\"elementor-image-box-img\"><img loading=\"lazy\" decoding=\"async\" width=\"300\" height=\"300\" src=\"https:\/\/www.ajcl.es\/wp-content\/uploads\/sites\/7\/2022\/04\/dollar-free-icon-font-300x300.png\" class=\"attachment-medium size-medium wp-image-2191\" alt=\"\" srcset=\"https:\/\/www.ajcl.es\/wp-content\/uploads\/sites\/7\/2022\/04\/dollar-free-icon-font-300x300.png 300w, https:\/\/www.ajcl.es\/wp-content\/uploads\/sites\/7\/2022\/04\/dollar-free-icon-font-150x150.png 150w, https:\/\/www.ajcl.es\/wp-content\/uploads\/sites\/7\/2022\/04\/dollar-free-icon-font.png 512w\" sizes=\"(max-width: 300px) 100vw, 300px\" \/><\/figure><div class=\"elementor-image-box-content\"><h3 class=\"elementor-image-box-title\">Coste por beca<\/h3><p class=\"elementor-image-box-description\">$360<\/p><\/div><\/div>\t\t\t\t<\/div>\n\t\t\t\t<\/div>\n\t\t\t\t\t<\/div>\n\t\t<\/div>\n\t\t\t\t<div class=\"elementor-column elementor-col-33 elementor-top-column elementor-element elementor-element-68366713\" data-id=\"68366713\" data-element_type=\"column\" data-e-type=\"column\">\n\t\t\t<div class=\"elementor-widget-wrap elementor-element-populated\">\n\t\t\t\t\t\t<div class=\"elementor-element elementor-element-1f89c5e2 elementor-position-top elementor-widget elementor-widget-image-box\" data-id=\"1f89c5e2\" data-element_type=\"widget\" data-e-type=\"widget\" data-widget_type=\"image-box.default\">\n\t\t\t\t<div class=\"elementor-widget-container\">\n\t\t\t\t\t<div class=\"elementor-image-box-wrapper\"><figure class=\"elementor-image-box-img\"><img loading=\"lazy\" decoding=\"async\" width=\"300\" height=\"300\" src=\"https:\/\/www.ajcl.es\/wp-content\/uploads\/sites\/7\/2022\/04\/graduation-cap-free-icon-font-300x300.png\" class=\"attachment-medium size-medium wp-image-2194\" alt=\"\" srcset=\"https:\/\/www.ajcl.es\/wp-content\/uploads\/sites\/7\/2022\/04\/graduation-cap-free-icon-font-300x300.png 300w, https:\/\/www.ajcl.es\/wp-content\/uploads\/sites\/7\/2022\/04\/graduation-cap-free-icon-font-150x150.png 150w, https:\/\/www.ajcl.es\/wp-content\/uploads\/sites\/7\/2022\/04\/graduation-cap-free-icon-font.png 512w\" sizes=\"(max-width: 300px) 100vw, 300px\" \/><\/figure><div class=\"elementor-image-box-content\"><h3 class=\"elementor-image-box-title\">N\u00famero de becas<\/h3><p class=\"elementor-image-box-description\">25 becas (cubren a 51 alumnos)<\/p><\/div><\/div>\t\t\t\t<\/div>\n\t\t\t\t<\/div>\n\t\t\t\t\t<\/div>\n\t\t<\/div>\n\t\t\t\t<div class=\"elementor-column elementor-col-33 elementor-top-column elementor-element elementor-element-5ec1ee8\" data-id=\"5ec1ee8\" data-element_type=\"column\" data-e-type=\"column\">\n\t\t\t<div class=\"elementor-widget-wrap elementor-element-populated\">\n\t\t\t\t\t\t<div class=\"elementor-element elementor-element-7aa11837 elementor-position-top elementor-widget elementor-widget-image-box\" data-id=\"7aa11837\" data-element_type=\"widget\" data-e-type=\"widget\" data-widget_type=\"image-box.default\">\n\t\t\t\t<div class=\"elementor-widget-container\">\n\t\t\t\t\t<div class=\"elementor-image-box-wrapper\"><figure class=\"elementor-image-box-img\"><img loading=\"lazy\" decoding=\"async\" width=\"300\" height=\"300\" src=\"https:\/\/www.ajcl.es\/wp-content\/uploads\/sites\/7\/2022\/04\/following-free-icon-font-300x300.png\" class=\"attachment-medium size-medium wp-image-2188\" alt=\"\" srcset=\"https:\/\/www.ajcl.es\/wp-content\/uploads\/sites\/7\/2022\/04\/following-free-icon-font-300x300.png 300w, https:\/\/www.ajcl.es\/wp-content\/uploads\/sites\/7\/2022\/04\/following-free-icon-font-150x150.png 150w, https:\/\/www.ajcl.es\/wp-content\/uploads\/sites\/7\/2022\/04\/following-free-icon-font.png 512w\" sizes=\"(max-width: 300px) 100vw, 300px\" \/><\/figure><div class=\"elementor-image-box-content\"><h3 class=\"elementor-image-box-title\">Padrinos<\/h3><p class=\"elementor-image-box-description\">11<\/p><\/div><\/div>\t\t\t\t<\/div>\n\t\t\t\t<\/div>\n\t\t\t\t\t<\/div>\n\t\t<\/div>\n\t\t\t\t\t<\/div>\n\t\t<\/section>\n\t\t\t\t<section class=\"elementor-section elementor-top-section elementor-element elementor-element-3ff15adc elementor-section-boxed elementor-section-height-default elementor-section-height-default\" data-id=\"3ff15adc\" data-element_type=\"section\" data-e-type=\"section\">\n\t\t\t\t\t\t<div class=\"elementor-container elementor-column-gap-default\">\n\t\t\t\t\t<div class=\"elementor-column elementor-col-50 elementor-top-column elementor-element elementor-element-153dc167\" data-id=\"153dc167\" data-element_type=\"column\" data-e-type=\"column\">\n\t\t\t<div class=\"elementor-widget-wrap elementor-element-populated\">\n\t\t\t\t\t\t<div class=\"elementor-element elementor-element-53140e99 elementor-widget elementor-widget-image\" data-id=\"53140e99\" data-element_type=\"widget\" data-e-type=\"widget\" data-widget_type=\"image.default\">\n\t\t\t\t<div class=\"elementor-widget-container\">\n\t\t\t\t\t\t\t\t\t\t\t\t\t\t\t<img loading=\"lazy\" decoding=\"async\" width=\"580\" height=\"827\" src=\"https:\/\/www.ajcl.es\/wp-content\/uploads\/sites\/7\/2022\/04\/Carta-Ecuador-1-718x1024.png\" class=\"attachment-large size-large wp-image-2248\" alt=\"\" srcset=\"https:\/\/www.ajcl.es\/wp-content\/uploads\/sites\/7\/2022\/04\/Carta-Ecuador-1-718x1024.png 718w, https:\/\/www.ajcl.es\/wp-content\/uploads\/sites\/7\/2022\/04\/Carta-Ecuador-1-210x300.png 210w, https:\/\/www.ajcl.es\/wp-content\/uploads\/sites\/7\/2022\/04\/Carta-Ecuador-1.png 763w\" sizes=\"(max-width: 580px) 100vw, 580px\" \/>\t\t\t\t\t\t\t\t\t\t\t\t\t\t\t<\/div>\n\t\t\t\t<\/div>\n\t\t\t\t\t<\/div>\n\t\t<\/div>\n\t\t\t\t<div class=\"elementor-column elementor-col-50 elementor-top-column elementor-element elementor-element-3ebe9a1c\" data-id=\"3ebe9a1c\" data-element_type=\"column\" data-e-type=\"column\">\n\t\t\t<div class=\"elementor-widget-wrap elementor-element-populated\">\n\t\t\t\t\t\t<div class=\"elementor-element elementor-element-7473eb72 elementor-widget elementor-widget-heading\" data-id=\"7473eb72\" data-element_type=\"widget\" data-e-type=\"widget\" data-widget_type=\"heading.default\">\n\t\t\t\t<div class=\"elementor-widget-container\">\n\t\t\t\t\t<h2 class=\"elementor-heading-title elementor-size-default\">Descripci\u00f3n del programa<\/h2>\t\t\t\t<\/div>\n\t\t\t\t<\/div>\n\t\t\t\t<div class=\"elementor-element elementor-element-16e5ea7c elementor-widget elementor-widget-text-editor\" data-id=\"16e5ea7c\" data-element_type=\"widget\" data-e-type=\"widget\" data-widget_type=\"text-editor.default\">\n\t\t\t\t<div class=\"elementor-widget-container\">\n\t\t\t\t\t\t\t\t\t<p>Desde hace m\u00e1s de 30 a\u00f1os, la ACJL colabora de forma activa con la asociaci\u00f3n Fe y Alegr\u00eda para financiar los gastos educativos de una parte de los alumnos que estudian en los colegios que ellos gestionan.<\/p><p>El objetivo de la dotaci\u00f3n econ\u00f3mica anual se destina a:<\/p><ul style=\"text-align: justify\"><li>Permitir a estudiantes con pocos recursos continuar sus estudios en los colegios, ayud\u00e1ndoles tanto en el pago de los colegios, coma del material escolar, uniformes, medicinas, o cualquier otra necesidad que tengan.<\/li><li style=\"font-size: 18px;letter-spacing: -0.27px\">Concienciar a las familias de los alumnos\/as becados\/as de la importancia de la formaci6n de sus menores y prevenir el maltrato familiar, problemas de alcoholismo, etc.<\/li><li>Subvencionar en sueldo de los profesores, en caso de necesidad si por alguna circunstancia el Estado no se hacer cargo.\u00a0<\/li><\/ul><p><span style=\"letter-spacing: -0.27px;font-size: 1.8rem\">Actualmente la AJCL aporta alrededor de $9.000 anuales, los cuales se destinan a financiar los estudios de m\u00e1s de 50 alumnos en tres colegios diferentes de Fe y Alegr\u00eda (datos del a\u00f1o 2021):<\/span><\/p><ul style=\"font-size: 18px;text-align: justify;letter-spacing: -0.27px\"><li>\u201cGlenSide\u201d de Pintag \u2013 18 beneficiarios<\/li><li>\u201cAfraser\u201d de La Cocha (Quito) \u2013 17 beneficiarios<\/li><li><p>\u201cCentro Artesanal Fraternidad y Servicio\u201d de Tol\u00f3ntag \u2013 16 beneficiarios<\/p><\/li><\/ul>\t\t\t\t\t\t\t\t<\/div>\n\t\t\t\t<\/div>\n\t\t\t\t\t<\/div>\n\t\t<\/div>\n\t\t\t\t\t<\/div>\n\t\t<\/section>\n\t\t\t\t<section class=\"elementor-section elementor-top-section elementor-element elementor-element-75d2533 elementor-section-boxed elementor-section-height-default elementor-section-height-default\" data-id=\"75d2533\" data-element_type=\"section\" data-e-type=\"section\" data-settings=\"{&quot;background_background&quot;:&quot;classic&quot;}\">\n\t\t\t\t\t\t<div class=\"elementor-container elementor-column-gap-default\">\n\t\t\t\t\t<div class=\"elementor-column elementor-col-25 elementor-top-column elementor-element elementor-element-52115105\" data-id=\"52115105\" data-element_type=\"column\" data-e-type=\"column\">\n\t\t\t<div class=\"elementor-widget-wrap elementor-element-populated\">\n\t\t\t\t\t\t<div class=\"elementor-element elementor-element-2ede6ac7 elementor-widget__width-auto elementor-widget elementor-widget-image\" data-id=\"2ede6ac7\" data-element_type=\"widget\" data-e-type=\"widget\" data-widget_type=\"image.default\">\n\t\t\t\t<div class=\"elementor-widget-container\">\n\t\t\t\t\t\t\t\t\t\t\t\t\t\t\t<img loading=\"lazy\" decoding=\"async\" width=\"567\" height=\"137\" src=\"https:\/\/www.ajcl.es\/wp-content\/uploads\/sites\/7\/2022\/11\/logo_AJCL.png\" class=\"attachment-large size-large wp-image-3106\" alt=\"\" srcset=\"https:\/\/www.ajcl.es\/wp-content\/uploads\/sites\/7\/2022\/11\/logo_AJCL.png 567w, https:\/\/www.ajcl.es\/wp-content\/uploads\/sites\/7\/2022\/11\/logo_AJCL-300x72.png 300w\" sizes=\"(max-width: 567px) 100vw, 567px\" \/>\t\t\t\t\t\t\t\t\t\t\t\t\t\t\t<\/div>\n\t\t\t\t<\/div>\n\t\t\t\t\t<\/div>\n\t\t<\/div>\n\t\t\t\t<div class=\"elementor-column elementor-col-25 elementor-top-column elementor-element elementor-element-36ea586c\" data-id=\"36ea586c\" data-element_type=\"column\" data-e-type=\"column\">\n\t\t\t<div class=\"elementor-widget-wrap elementor-element-populated\">\n\t\t\t\t\t\t<div class=\"elementor-element elementor-element-214d1d87 elementor-widget elementor-widget-heading\" data-id=\"214d1d87\" data-element_type=\"widget\" data-e-type=\"widget\" data-widget_type=\"heading.default\">\n\t\t\t\t<div class=\"elementor-widget-container\">\n\t\t\t\t\t<h4 class=\"elementor-heading-title elementor-size-default\">Localizaci\u00f3n<\/h4>\t\t\t\t<\/div>\n\t\t\t\t<\/div>\n\t\t\t\t<div class=\"elementor-element elementor-element-3b8e583a elementor-widget elementor-widget-text-editor\" data-id=\"3b8e583a\" data-element_type=\"widget\" data-e-type=\"widget\" data-widget_type=\"text-editor.default\">\n\t\t\t\t<div class=\"elementor-widget-container\">\n\t\t\t\t\t\t\t\t\t<p>C\/ Alberto Aguilera 25,<\/p><p>28015 &#8211; Madrid,<\/p><p>Espa\u00f1a<\/p>\t\t\t\t\t\t\t\t<\/div>\n\t\t\t\t<\/div>\n\t\t\t\t\t<\/div>\n\t\t<\/div>\n\t\t\t\t<div class=\"elementor-column elementor-col-25 elementor-top-column elementor-element elementor-element-3537f278\" data-id=\"3537f278\" data-element_type=\"column\" data-e-type=\"column\">\n\t\t\t<div class=\"elementor-widget-wrap elementor-element-populated\">\n\t\t\t\t\t\t<div class=\"elementor-element elementor-element-6e0308bb elementor-widget elementor-widget-heading\" data-id=\"6e0308bb\" data-element_type=\"widget\" data-e-type=\"widget\" data-widget_type=\"heading.default\">\n\t\t\t\t<div class=\"elementor-widget-container\">\n\t\t\t\t\t<h4 class=\"elementor-heading-title elementor-size-default\">Contacto<\/h4>\t\t\t\t<\/div>\n\t\t\t\t<\/div>\n\t\t\t\t<div class=\"elementor-element elementor-element-78dea46b elementor-widget elementor-widget-text-editor\" data-id=\"78dea46b\" data-element_type=\"widget\" data-e-type=\"widget\" data-widget_type=\"text-editor.default\">\n\t\t\t\t<div class=\"elementor-widget-container\">\n\t\t\t\t\t\t\t\t\t<p>(+34) 91 542 2800 ext 2707<\/p>\n<p>ajcl@comillas.edu<\/p>\t\t\t\t\t\t\t\t<\/div>\n\t\t\t\t<\/div>\n\t\t\t\t\t<\/div>\n\t\t<\/div>\n\t\t\t\t<div class=\"elementor-column elementor-col-25 elementor-top-column elementor-element elementor-element-3303ad48\" data-id=\"3303ad48\" data-element_type=\"column\" data-e-type=\"column\">\n\t\t\t<div class=\"elementor-widget-wrap elementor-element-populated\">\n\t\t\t\t\t\t<div class=\"elementor-element elementor-element-268c884d elementor-align-center elementor-tablet-align-center elementor-mobile-align-center elementor-widget elementor-widget-button\" data-id=\"268c884d\" data-element_type=\"widget\" data-e-type=\"widget\" data-widget_type=\"button.default\">\n\t\t\t\t<div class=\"elementor-widget-container\">\n\t\t\t\t\t\t\t\t\t<div class=\"elementor-button-wrapper\">\n\t\t\t\t\t<a class=\"elementor-button elementor-button-link elementor-size-sm elementor-animation-grow\" href=\"https:\/\/www.ajcl.es\/index.php\/unirse\/\">\n\t\t\t\t\t\t<span class=\"elementor-button-content-wrapper\">\n\t\t\t\t\t\t<span class=\"elementor-button-icon\">\n\t\t\t\t<i aria-hidden=\"true\" class=\"fas fa-caret-right\"><\/i>\t\t\t<\/span>\n\t\t\t\t\t\t\t\t\t<span class=\"elementor-button-text\">Contactar<\/span>\n\t\t\t\t\t<\/span>\n\t\t\t\t\t<\/a>\n\t\t\t\t<\/div>\n\t\t\t\t\t\t\t\t<\/div>\n\t\t\t\t<\/div>\n\t\t\t\t\t<\/div>\n\t\t<\/div>\n\t\t\t\t\t<\/div>\n\t\t<\/section>\n\t\t\t\t<\/div>\n\t\t","protected":false},"excerpt":{"rendered":"<p>becas y aPADRINAMIENTOS Fe y Alegr\u00eda ecuador El programa de becas Fe y Alegr\u00eda Ecuador va dirigido a mantener los gastos de educaci\u00f3n, manutenci\u00f3n y vestuario de alrededor de media centena de alumnos en tres colegios pertenecientes a la asociaci\u00f3n Fe y Alegr\u00eda, ubicados en diferentes ciudades de Ecuador. Contactar localizaci\u00f3n Pintag, La Concha, Tol\u00f3ntag [&hellip;]<\/p>\n","protected":false},"author":33,"featured_media":0,"parent":0,"menu_order":0,"comment_status":"closed","ping_status":"closed","template":"elementor_header_footer","meta":{"footnotes":""},"class_list":["post-2158","page","type-page","status-publish","hentry"],"_links":{"self":[{"href":"https:\/\/www.ajcl.es\/index.php\/wp-json\/wp\/v2\/pages\/2158","targetHints":{"allow":["GET"]}}],"collection":[{"href":"https:\/\/www.ajcl.es\/index.php\/wp-json\/wp\/v2\/pages"}],"about":[{"href":"https:\/\/www.ajcl.es\/index.php\/wp-json\/wp\/v2\/types\/page"}],"author":[{"embeddable":true,"href":"https:\/\/www.ajcl.es\/index.php\/wp-json\/wp\/v2\/users\/33"}],"replies":[{"embeddable":true,"href":"https:\/\/www.ajcl.es\/index.php\/wp-json\/wp\/v2\/comments?post=2158"}],"version-history":[{"count":8,"href":"https:\/\/www.ajcl.es\/index.php\/wp-json\/wp\/v2\/pages\/2158\/revisions"}],"predecessor-version":[{"id":3894,"href":"https:\/\/www.ajcl.es\/index.php\/wp-json\/wp\/v2\/pages\/2158\/revisions\/3894"}],"wp:attachment":[{"href":"https:\/\/www.ajcl.es\/index.php\/wp-json\/wp\/v2\/media?parent=2158"}],"curies":[{"name":"wp","href":"https:\/\/api.w.org\/{rel}","templated":true}]}}