{"id":2311,"date":"2022-04-05T17:08:41","date_gmt":"2022-04-05T17:08:41","guid":{"rendered":"https:\/\/www.ajcl.es\/?page_id=2311"},"modified":"2025-06-03T08:49:57","modified_gmt":"2025-06-03T08:49:57","slug":"becas-burkina-faso","status":"publish","type":"page","link":"https:\/\/www.ajcl.es\/index.php\/becas-burkina-faso\/","title":{"rendered":"Burkina-Faso"},"content":{"rendered":"\t\t<div data-elementor-type=\"wp-page\" data-elementor-id=\"2311\" class=\"elementor elementor-2311\">\n\t\t\t\t\t\t<section class=\"elementor-section elementor-top-section elementor-element elementor-element-494fdece elementor-section-boxed elementor-section-height-default elementor-section-height-default\" data-id=\"494fdece\" data-element_type=\"section\" data-e-type=\"section\" data-settings=\"{&quot;background_background&quot;:&quot;classic&quot;}\">\n\t\t\t\t\t\t\t<div class=\"elementor-background-overlay\"><\/div>\n\t\t\t\t\t\t\t<div class=\"elementor-container elementor-column-gap-default\">\n\t\t\t\t\t<div class=\"elementor-column elementor-col-100 elementor-top-column elementor-element elementor-element-74cc8338\" data-id=\"74cc8338\" data-element_type=\"column\" data-e-type=\"column\" data-settings=\"{&quot;background_background&quot;:&quot;classic&quot;}\">\n\t\t\t<div class=\"elementor-widget-wrap elementor-element-populated\">\n\t\t\t\t\t\t<div class=\"elementor-element elementor-element-7bcddbc elementor-widget elementor-widget-heading\" data-id=\"7bcddbc\" data-element_type=\"widget\" data-e-type=\"widget\" data-widget_type=\"heading.default\">\n\t\t\t\t<div class=\"elementor-widget-container\">\n\t\t\t\t\t<h6 class=\"elementor-heading-title elementor-size-large\">becas y aPADRINAMIENTOS<\/h6>\t\t\t\t<\/div>\n\t\t\t\t<\/div>\n\t\t\t\t<div class=\"elementor-element elementor-element-69991c07 elementor-widget elementor-widget-heading\" data-id=\"69991c07\" data-element_type=\"widget\" data-e-type=\"widget\" data-widget_type=\"heading.default\">\n\t\t\t\t<div class=\"elementor-widget-container\">\n\t\t\t\t\t<h2 class=\"elementor-heading-title elementor-size-large\">Burkina Faso<\/h2>\t\t\t\t<\/div>\n\t\t\t\t<\/div>\n\t\t\t\t<div class=\"elementor-element elementor-element-35e6b402 elementor-widget elementor-widget-text-editor\" data-id=\"35e6b402\" data-element_type=\"widget\" data-e-type=\"widget\" data-widget_type=\"text-editor.default\">\n\t\t\t\t<div class=\"elementor-widget-container\">\n\t\t\t\t\t\t\t\t\t<p>Los fondos destinados al Colegio de las Religiosas de Mar\u00eda Inmaculada de Bobo Dioulasso, en Burkina Faso, ayudan econ\u00f3micamente a las religiosas que gestionan el centro para mantener a una gran parte de su alumnado, compuesto mayoritariamente por ni\u00f1as.<\/p>\t\t\t\t\t\t\t\t<\/div>\n\t\t\t\t<\/div>\n\t\t\t\t<div class=\"elementor-element elementor-element-459489be elementor-align-left elementor-tablet-align-center elementor-mobile-align-center elementor-widget elementor-widget-button\" data-id=\"459489be\" data-element_type=\"widget\" data-e-type=\"widget\" data-widget_type=\"button.default\">\n\t\t\t\t<div class=\"elementor-widget-container\">\n\t\t\t\t\t\t\t\t\t<div class=\"elementor-button-wrapper\">\n\t\t\t\t\t<a class=\"elementor-button elementor-button-link elementor-size-sm\" href=\"https:\/\/www.ajcl.es\/index.php\/unirse\/\">\n\t\t\t\t\t\t<span class=\"elementor-button-content-wrapper\">\n\t\t\t\t\t\t<span class=\"elementor-button-icon\">\n\t\t\t\t<i aria-hidden=\"true\" class=\"fas fa-caret-right\"><\/i>\t\t\t<\/span>\n\t\t\t\t\t\t\t\t\t<span class=\"elementor-button-text\">Contactar<\/span>\n\t\t\t\t\t<\/span>\n\t\t\t\t\t<\/a>\n\t\t\t\t<\/div>\n\t\t\t\t\t\t\t\t<\/div>\n\t\t\t\t<\/div>\n\t\t\t\t\t<\/div>\n\t\t<\/div>\n\t\t\t\t\t<\/div>\n\t\t<\/section>\n\t\t\t\t<section class=\"elementor-section elementor-top-section elementor-element elementor-element-747d7f43 elementor-section-boxed elementor-section-height-default elementor-section-height-default\" data-id=\"747d7f43\" data-element_type=\"section\" data-e-type=\"section\" data-settings=\"{&quot;background_background&quot;:&quot;classic&quot;}\">\n\t\t\t\t\t\t<div class=\"elementor-container elementor-column-gap-default\">\n\t\t\t\t\t<div class=\"elementor-column elementor-col-33 elementor-top-column elementor-element elementor-element-587825fe\" data-id=\"587825fe\" data-element_type=\"column\" data-e-type=\"column\">\n\t\t\t<div class=\"elementor-widget-wrap elementor-element-populated\">\n\t\t\t\t\t\t<div class=\"elementor-element elementor-element-75d4b1ee elementor-position-top elementor-widget elementor-widget-image-box\" data-id=\"75d4b1ee\" data-element_type=\"widget\" data-e-type=\"widget\" data-widget_type=\"image-box.default\">\n\t\t\t\t<div class=\"elementor-widget-container\">\n\t\t\t\t\t<div class=\"elementor-image-box-wrapper\"><figure class=\"elementor-image-box-img\"><img fetchpriority=\"high\" decoding=\"async\" width=\"300\" height=\"300\" src=\"https:\/\/www.ajcl.es\/wp-content\/uploads\/sites\/7\/2021\/09\/map-marker-tur-300x300.png\" class=\"attachment-medium size-medium wp-image-379\" alt=\"\" srcset=\"https:\/\/www.ajcl.es\/wp-content\/uploads\/sites\/7\/2021\/09\/map-marker-tur-300x300.png 300w, https:\/\/www.ajcl.es\/wp-content\/uploads\/sites\/7\/2021\/09\/map-marker-tur-150x150.png 150w, https:\/\/www.ajcl.es\/wp-content\/uploads\/sites\/7\/2021\/09\/map-marker-tur.png 512w\" sizes=\"(max-width: 300px) 100vw, 300px\" \/><\/figure><div class=\"elementor-image-box-content\"><h3 class=\"elementor-image-box-title\">localizaci\u00f3n<\/h3><p class=\"elementor-image-box-description\">Bobo-Diulasso, Burkina Faso<\/p><\/div><\/div>\t\t\t\t<\/div>\n\t\t\t\t<\/div>\n\t\t\t\t\t<\/div>\n\t\t<\/div>\n\t\t\t\t<div class=\"elementor-column elementor-col-33 elementor-top-column elementor-element elementor-element-1b3ba8a1\" data-id=\"1b3ba8a1\" data-element_type=\"column\" data-e-type=\"column\">\n\t\t\t<div class=\"elementor-widget-wrap elementor-element-populated\">\n\t\t\t\t\t\t<div class=\"elementor-element elementor-element-1ee93387 elementor-position-top elementor-widget elementor-widget-image-box\" data-id=\"1ee93387\" data-element_type=\"widget\" data-e-type=\"widget\" data-widget_type=\"image-box.default\">\n\t\t\t\t<div class=\"elementor-widget-container\">\n\t\t\t\t\t<div class=\"elementor-image-box-wrapper\"><figure class=\"elementor-image-box-img\"><img decoding=\"async\" width=\"300\" height=\"300\" src=\"https:\/\/www.ajcl.es\/wp-content\/uploads\/sites\/7\/2021\/09\/calendar-tur-300x300.png\" class=\"attachment-medium size-medium wp-image-382\" alt=\"\" srcset=\"https:\/\/www.ajcl.es\/wp-content\/uploads\/sites\/7\/2021\/09\/calendar-tur-300x300.png 300w, https:\/\/www.ajcl.es\/wp-content\/uploads\/sites\/7\/2021\/09\/calendar-tur-150x150.png 150w, https:\/\/www.ajcl.es\/wp-content\/uploads\/sites\/7\/2021\/09\/calendar-tur.png 512w\" sizes=\"(max-width: 300px) 100vw, 300px\" \/><\/figure><div class=\"elementor-image-box-content\"><h3 class=\"elementor-image-box-title\">Duraci\u00f3n<\/h3><p class=\"elementor-image-box-description\">Desde el a\u00f1o 1998 hasta la actualidad<\/p><\/div><\/div>\t\t\t\t<\/div>\n\t\t\t\t<\/div>\n\t\t\t\t\t<\/div>\n\t\t<\/div>\n\t\t\t\t<div class=\"elementor-column elementor-col-33 elementor-top-column elementor-element elementor-element-18c4217e\" data-id=\"18c4217e\" data-element_type=\"column\" data-e-type=\"column\">\n\t\t\t<div class=\"elementor-widget-wrap elementor-element-populated\">\n\t\t\t\t\t\t<div class=\"elementor-element elementor-element-a72c3b8 elementor-position-top elementor-widget elementor-widget-image-box\" data-id=\"a72c3b8\" data-element_type=\"widget\" data-e-type=\"widget\" data-widget_type=\"image-box.default\">\n\t\t\t\t<div class=\"elementor-widget-container\">\n\t\t\t\t\t<div class=\"elementor-image-box-wrapper\"><figure class=\"elementor-image-box-img\"><img decoding=\"async\" width=\"300\" height=\"300\" src=\"https:\/\/www.ajcl.es\/wp-content\/uploads\/sites\/7\/2021\/09\/life-ring-300x300.png\" class=\"attachment-medium size-medium wp-image-418\" alt=\"\" srcset=\"https:\/\/www.ajcl.es\/wp-content\/uploads\/sites\/7\/2021\/09\/life-ring-300x300.png 300w, https:\/\/www.ajcl.es\/wp-content\/uploads\/sites\/7\/2021\/09\/life-ring-150x150.png 150w, https:\/\/www.ajcl.es\/wp-content\/uploads\/sites\/7\/2021\/09\/life-ring.png 512w\" sizes=\"(max-width: 300px) 100vw, 300px\" \/><\/figure><div class=\"elementor-image-box-content\"><h3 class=\"elementor-image-box-title\">Ayuda<\/h3><p class=\"elementor-image-box-description\">Pagar los gastos en educaci\u00f3n, manutenci\u00f3n, vestuario y estancia de alumnas con pocos recursos<\/p><\/div><\/div>\t\t\t\t<\/div>\n\t\t\t\t<\/div>\n\t\t\t\t\t<\/div>\n\t\t<\/div>\n\t\t\t\t\t<\/div>\n\t\t<\/section>\n\t\t\t\t<section class=\"elementor-section elementor-top-section elementor-element elementor-element-7a951222 elementor-section-boxed elementor-section-height-default elementor-section-height-default\" data-id=\"7a951222\" data-element_type=\"section\" data-e-type=\"section\">\n\t\t\t\t\t\t<div class=\"elementor-container elementor-column-gap-default\">\n\t\t\t\t\t<div class=\"elementor-column elementor-col-100 elementor-top-column elementor-element elementor-element-37ce51e3\" data-id=\"37ce51e3\" data-element_type=\"column\" data-e-type=\"column\">\n\t\t\t<div class=\"elementor-widget-wrap elementor-element-populated\">\n\t\t\t\t\t\t<div class=\"elementor-element elementor-element-bf5861f elementor-widget-divider--view-line elementor-widget elementor-widget-divider\" data-id=\"bf5861f\" data-element_type=\"widget\" data-e-type=\"widget\" data-widget_type=\"divider.default\">\n\t\t\t\t<div class=\"elementor-widget-container\">\n\t\t\t\t\t\t\t<div class=\"elementor-divider\">\n\t\t\t<span class=\"elementor-divider-separator\">\n\t\t\t\t\t\t<\/span>\n\t\t<\/div>\n\t\t\t\t\t\t<\/div>\n\t\t\t\t<\/div>\n\t\t\t\t\t<\/div>\n\t\t<\/div>\n\t\t\t\t\t<\/div>\n\t\t<\/section>\n\t\t\t\t<section class=\"elementor-section elementor-top-section elementor-element elementor-element-70b72371 elementor-section-boxed elementor-section-height-default elementor-section-height-default\" data-id=\"70b72371\" data-element_type=\"section\" data-e-type=\"section\" data-settings=\"{&quot;background_background&quot;:&quot;classic&quot;}\">\n\t\t\t\t\t\t<div class=\"elementor-container elementor-column-gap-default\">\n\t\t\t\t\t<div class=\"elementor-column elementor-col-33 elementor-top-column elementor-element elementor-element-4634772a\" data-id=\"4634772a\" data-element_type=\"column\" data-e-type=\"column\">\n\t\t\t<div class=\"elementor-widget-wrap elementor-element-populated\">\n\t\t\t\t\t\t<div class=\"elementor-element elementor-element-435b0511 elementor-position-top elementor-widget elementor-widget-image-box\" data-id=\"435b0511\" data-element_type=\"widget\" data-e-type=\"widget\" data-widget_type=\"image-box.default\">\n\t\t\t\t<div class=\"elementor-widget-container\">\n\t\t\t\t\t<div class=\"elementor-image-box-wrapper\"><figure class=\"elementor-image-box-img\"><img loading=\"lazy\" decoding=\"async\" width=\"300\" height=\"300\" src=\"https:\/\/www.ajcl.es\/wp-content\/uploads\/sites\/7\/2022\/04\/dollar-free-icon-font-300x300.png\" class=\"attachment-medium size-medium wp-image-2191\" alt=\"\" srcset=\"https:\/\/www.ajcl.es\/wp-content\/uploads\/sites\/7\/2022\/04\/dollar-free-icon-font-300x300.png 300w, https:\/\/www.ajcl.es\/wp-content\/uploads\/sites\/7\/2022\/04\/dollar-free-icon-font-150x150.png 150w, https:\/\/www.ajcl.es\/wp-content\/uploads\/sites\/7\/2022\/04\/dollar-free-icon-font.png 512w\" sizes=\"(max-width: 300px) 100vw, 300px\" \/><\/figure><div class=\"elementor-image-box-content\"><h3 class=\"elementor-image-box-title\">Coste por beca<\/h3><p class=\"elementor-image-box-description\">$270<\/p><\/div><\/div>\t\t\t\t<\/div>\n\t\t\t\t<\/div>\n\t\t\t\t\t<\/div>\n\t\t<\/div>\n\t\t\t\t<div class=\"elementor-column elementor-col-33 elementor-top-column elementor-element elementor-element-649ce016\" data-id=\"649ce016\" data-element_type=\"column\" data-e-type=\"column\">\n\t\t\t<div class=\"elementor-widget-wrap elementor-element-populated\">\n\t\t\t\t\t\t<div class=\"elementor-element elementor-element-3cb83156 elementor-position-top elementor-widget elementor-widget-image-box\" data-id=\"3cb83156\" data-element_type=\"widget\" data-e-type=\"widget\" data-widget_type=\"image-box.default\">\n\t\t\t\t<div class=\"elementor-widget-container\">\n\t\t\t\t\t<div class=\"elementor-image-box-wrapper\"><figure class=\"elementor-image-box-img\"><img loading=\"lazy\" decoding=\"async\" width=\"300\" height=\"300\" src=\"https:\/\/www.ajcl.es\/wp-content\/uploads\/sites\/7\/2022\/04\/graduation-cap-free-icon-font-300x300.png\" class=\"attachment-medium size-medium wp-image-2194\" alt=\"\" srcset=\"https:\/\/www.ajcl.es\/wp-content\/uploads\/sites\/7\/2022\/04\/graduation-cap-free-icon-font-300x300.png 300w, https:\/\/www.ajcl.es\/wp-content\/uploads\/sites\/7\/2022\/04\/graduation-cap-free-icon-font-150x150.png 150w, https:\/\/www.ajcl.es\/wp-content\/uploads\/sites\/7\/2022\/04\/graduation-cap-free-icon-font.png 512w\" sizes=\"(max-width: 300px) 100vw, 300px\" \/><\/figure><div class=\"elementor-image-box-content\"><h3 class=\"elementor-image-box-title\">N\u00famero de becas<\/h3><p class=\"elementor-image-box-description\">30 becas<\/p><\/div><\/div>\t\t\t\t<\/div>\n\t\t\t\t<\/div>\n\t\t\t\t\t<\/div>\n\t\t<\/div>\n\t\t\t\t<div class=\"elementor-column elementor-col-33 elementor-top-column elementor-element elementor-element-3d8beed2\" data-id=\"3d8beed2\" data-element_type=\"column\" data-e-type=\"column\">\n\t\t\t<div class=\"elementor-widget-wrap elementor-element-populated\">\n\t\t\t\t\t\t<div class=\"elementor-element elementor-element-7e1bb35d elementor-position-top elementor-widget elementor-widget-image-box\" data-id=\"7e1bb35d\" data-element_type=\"widget\" data-e-type=\"widget\" data-widget_type=\"image-box.default\">\n\t\t\t\t<div class=\"elementor-widget-container\">\n\t\t\t\t\t<div class=\"elementor-image-box-wrapper\"><figure class=\"elementor-image-box-img\"><img loading=\"lazy\" decoding=\"async\" width=\"300\" height=\"300\" src=\"https:\/\/www.ajcl.es\/wp-content\/uploads\/sites\/7\/2022\/04\/following-free-icon-font-300x300.png\" class=\"attachment-medium size-medium wp-image-2188\" alt=\"\" srcset=\"https:\/\/www.ajcl.es\/wp-content\/uploads\/sites\/7\/2022\/04\/following-free-icon-font-300x300.png 300w, https:\/\/www.ajcl.es\/wp-content\/uploads\/sites\/7\/2022\/04\/following-free-icon-font-150x150.png 150w, https:\/\/www.ajcl.es\/wp-content\/uploads\/sites\/7\/2022\/04\/following-free-icon-font.png 512w\" sizes=\"(max-width: 300px) 100vw, 300px\" \/><\/figure><div class=\"elementor-image-box-content\"><h3 class=\"elementor-image-box-title\">Padrinos<\/h3><p class=\"elementor-image-box-description\">13<\/p><\/div><\/div>\t\t\t\t<\/div>\n\t\t\t\t<\/div>\n\t\t\t\t\t<\/div>\n\t\t<\/div>\n\t\t\t\t\t<\/div>\n\t\t<\/section>\n\t\t\t\t<section class=\"elementor-section elementor-top-section elementor-element elementor-element-7f80b7a9 elementor-section-boxed elementor-section-height-default elementor-section-height-default\" data-id=\"7f80b7a9\" data-element_type=\"section\" data-e-type=\"section\">\n\t\t\t\t\t\t<div class=\"elementor-container elementor-column-gap-default\">\n\t\t\t\t\t<div class=\"elementor-column elementor-col-50 elementor-top-column elementor-element elementor-element-52cb0198\" data-id=\"52cb0198\" data-element_type=\"column\" data-e-type=\"column\">\n\t\t\t<div class=\"elementor-widget-wrap elementor-element-populated\">\n\t\t\t\t\t\t<div class=\"elementor-element elementor-element-2ff8b859 elementor-widget elementor-widget-image\" data-id=\"2ff8b859\" data-element_type=\"widget\" data-e-type=\"widget\" data-widget_type=\"image.default\">\n\t\t\t\t<div class=\"elementor-widget-container\">\n\t\t\t\t\t\t\t\t\t\t\t\t\t\t\t<img loading=\"lazy\" decoding=\"async\" width=\"580\" height=\"747\" src=\"https:\/\/www.ajcl.es\/wp-content\/uploads\/sites\/7\/2022\/04\/Carta-Burkina-Faso-mod-795x1024.png\" class=\"attachment-large size-large wp-image-2380\" alt=\"\" srcset=\"https:\/\/www.ajcl.es\/wp-content\/uploads\/sites\/7\/2022\/04\/Carta-Burkina-Faso-mod-795x1024.png 795w, https:\/\/www.ajcl.es\/wp-content\/uploads\/sites\/7\/2022\/04\/Carta-Burkina-Faso-mod-233x300.png 233w, https:\/\/www.ajcl.es\/wp-content\/uploads\/sites\/7\/2022\/04\/Carta-Burkina-Faso-mod-768x989.png 768w, https:\/\/www.ajcl.es\/wp-content\/uploads\/sites\/7\/2022\/04\/Carta-Burkina-Faso-mod.png 934w\" sizes=\"(max-width: 580px) 100vw, 580px\" \/>\t\t\t\t\t\t\t\t\t\t\t\t\t\t\t<\/div>\n\t\t\t\t<\/div>\n\t\t\t\t\t<\/div>\n\t\t<\/div>\n\t\t\t\t<div class=\"elementor-column elementor-col-50 elementor-top-column elementor-element elementor-element-652c2750\" data-id=\"652c2750\" data-element_type=\"column\" data-e-type=\"column\">\n\t\t\t<div class=\"elementor-widget-wrap elementor-element-populated\">\n\t\t\t\t\t\t<div class=\"elementor-element elementor-element-4aea49b1 elementor-widget elementor-widget-heading\" data-id=\"4aea49b1\" data-element_type=\"widget\" data-e-type=\"widget\" data-widget_type=\"heading.default\">\n\t\t\t\t<div class=\"elementor-widget-container\">\n\t\t\t\t\t<h2 class=\"elementor-heading-title elementor-size-default\">Descripci\u00f3n del programa<\/h2>\t\t\t\t<\/div>\n\t\t\t\t<\/div>\n\t\t\t\t<div class=\"elementor-element elementor-element-7560ece8 elementor-widget elementor-widget-text-editor\" data-id=\"7560ece8\" data-element_type=\"widget\" data-e-type=\"widget\" data-widget_type=\"text-editor.default\">\n\t\t\t\t<div class=\"elementor-widget-container\">\n\t\t\t\t\t\t\t\t\t<p>\u00a0<\/p><p>Desde hace casi 25 a\u00f1os, nuestra asociaci\u00f3n ayuda con un programa de becas a las religiosas de Mar\u00eda Inmaculada a mantener a varias decenas de ni\u00f1as de familias en situaci\u00f3n desfavorable. Se les paga de forma integra la matr\u00edcula e inscripciones escolares, as\u00ed como todo el material necesario para sus estudios. Adem\u00e1s, en caso de necesidad, tambi\u00e9n se les compran uniformes y se les financia la residencia en la propia parroquia.<\/p><p>En caso de que se pueda, se las paga tambi\u00e9n los estudios de secundaria (privados en el pa\u00eds) a una porci\u00f3n de las alumnas.<\/p><p><span style=\"letter-spacing: -0.27px;font-size: 1.8rem\">Para financiar el curso 2020-21, la AJCL aport\u00f3 8.100\u20ac,\u00a0<\/span><span style=\"font-size: 1.8rem;letter-spacing: -0.27px;text-align: inherit\">los cuales sirvieron para cubrir los gastos de 30 alumnas.<\/span><\/p>\t\t\t\t\t\t\t\t<\/div>\n\t\t\t\t<\/div>\n\t\t\t\t\t<\/div>\n\t\t<\/div>\n\t\t\t\t\t<\/div>\n\t\t<\/section>\n\t\t\t\t<section class=\"elementor-section elementor-top-section elementor-element elementor-element-7f5b5fd8 elementor-section-boxed elementor-section-height-default elementor-section-height-default\" data-id=\"7f5b5fd8\" data-element_type=\"section\" data-e-type=\"section\" data-settings=\"{&quot;background_background&quot;:&quot;classic&quot;}\">\n\t\t\t\t\t\t<div class=\"elementor-container elementor-column-gap-default\">\n\t\t\t\t\t<div class=\"elementor-column elementor-col-25 elementor-top-column elementor-element elementor-element-31843a99\" data-id=\"31843a99\" data-element_type=\"column\" data-e-type=\"column\">\n\t\t\t<div class=\"elementor-widget-wrap elementor-element-populated\">\n\t\t\t\t\t\t<div class=\"elementor-element elementor-element-3441bbef elementor-widget__width-auto elementor-widget elementor-widget-image\" data-id=\"3441bbef\" data-element_type=\"widget\" data-e-type=\"widget\" data-widget_type=\"image.default\">\n\t\t\t\t<div class=\"elementor-widget-container\">\n\t\t\t\t\t\t\t\t\t\t\t\t\t\t\t<img loading=\"lazy\" decoding=\"async\" width=\"567\" height=\"137\" src=\"https:\/\/www.ajcl.es\/wp-content\/uploads\/sites\/7\/2022\/11\/logo_AJCL.png\" class=\"attachment-large size-large wp-image-3106\" alt=\"\" srcset=\"https:\/\/www.ajcl.es\/wp-content\/uploads\/sites\/7\/2022\/11\/logo_AJCL.png 567w, https:\/\/www.ajcl.es\/wp-content\/uploads\/sites\/7\/2022\/11\/logo_AJCL-300x72.png 300w\" sizes=\"(max-width: 567px) 100vw, 567px\" \/>\t\t\t\t\t\t\t\t\t\t\t\t\t\t\t<\/div>\n\t\t\t\t<\/div>\n\t\t\t\t\t<\/div>\n\t\t<\/div>\n\t\t\t\t<div class=\"elementor-column elementor-col-25 elementor-top-column elementor-element elementor-element-56b603fd\" data-id=\"56b603fd\" data-element_type=\"column\" data-e-type=\"column\">\n\t\t\t<div class=\"elementor-widget-wrap elementor-element-populated\">\n\t\t\t\t\t\t<div class=\"elementor-element elementor-element-51668ad7 elementor-widget elementor-widget-heading\" data-id=\"51668ad7\" data-element_type=\"widget\" data-e-type=\"widget\" data-widget_type=\"heading.default\">\n\t\t\t\t<div class=\"elementor-widget-container\">\n\t\t\t\t\t<h4 class=\"elementor-heading-title elementor-size-default\">Localizaci\u00f3n<\/h4>\t\t\t\t<\/div>\n\t\t\t\t<\/div>\n\t\t\t\t<div class=\"elementor-element elementor-element-3d6dcea3 elementor-widget elementor-widget-text-editor\" data-id=\"3d6dcea3\" data-element_type=\"widget\" data-e-type=\"widget\" data-widget_type=\"text-editor.default\">\n\t\t\t\t<div class=\"elementor-widget-container\">\n\t\t\t\t\t\t\t\t\t<p>C\/ Alberto Aguilera 25,<\/p><p>28015 &#8211; Madrid,<\/p><p>Espa\u00f1a<\/p>\t\t\t\t\t\t\t\t<\/div>\n\t\t\t\t<\/div>\n\t\t\t\t\t<\/div>\n\t\t<\/div>\n\t\t\t\t<div class=\"elementor-column elementor-col-25 elementor-top-column elementor-element elementor-element-36e494e7\" data-id=\"36e494e7\" data-element_type=\"column\" data-e-type=\"column\">\n\t\t\t<div class=\"elementor-widget-wrap elementor-element-populated\">\n\t\t\t\t\t\t<div class=\"elementor-element elementor-element-7c1c603c elementor-widget elementor-widget-heading\" data-id=\"7c1c603c\" data-element_type=\"widget\" data-e-type=\"widget\" data-widget_type=\"heading.default\">\n\t\t\t\t<div class=\"elementor-widget-container\">\n\t\t\t\t\t<h4 class=\"elementor-heading-title elementor-size-default\">Contacto<\/h4>\t\t\t\t<\/div>\n\t\t\t\t<\/div>\n\t\t\t\t<div class=\"elementor-element elementor-element-2efd1ed1 elementor-widget elementor-widget-text-editor\" data-id=\"2efd1ed1\" data-element_type=\"widget\" data-e-type=\"widget\" data-widget_type=\"text-editor.default\">\n\t\t\t\t<div class=\"elementor-widget-container\">\n\t\t\t\t\t\t\t\t\t<p>(+34) 91 542 2800 ext 2707<\/p>\n<p>ajcl@comillas.edu<\/p>\t\t\t\t\t\t\t\t<\/div>\n\t\t\t\t<\/div>\n\t\t\t\t\t<\/div>\n\t\t<\/div>\n\t\t\t\t<div class=\"elementor-column elementor-col-25 elementor-top-column elementor-element elementor-element-5b576deb\" data-id=\"5b576deb\" data-element_type=\"column\" data-e-type=\"column\">\n\t\t\t<div class=\"elementor-widget-wrap elementor-element-populated\">\n\t\t\t\t\t\t<div class=\"elementor-element elementor-element-5c11e58 elementor-align-center elementor-tablet-align-center elementor-mobile-align-center elementor-widget elementor-widget-button\" data-id=\"5c11e58\" data-element_type=\"widget\" data-e-type=\"widget\" data-widget_type=\"button.default\">\n\t\t\t\t<div class=\"elementor-widget-container\">\n\t\t\t\t\t\t\t\t\t<div class=\"elementor-button-wrapper\">\n\t\t\t\t\t<a class=\"elementor-button elementor-button-link elementor-size-sm elementor-animation-grow\" href=\"https:\/\/www.ajcl.es\/index.php\/unirse\/\">\n\t\t\t\t\t\t<span class=\"elementor-button-content-wrapper\">\n\t\t\t\t\t\t<span class=\"elementor-button-icon\">\n\t\t\t\t<i aria-hidden=\"true\" class=\"fas fa-caret-right\"><\/i>\t\t\t<\/span>\n\t\t\t\t\t\t\t\t\t<span class=\"elementor-button-text\">Contactar<\/span>\n\t\t\t\t\t<\/span>\n\t\t\t\t\t<\/a>\n\t\t\t\t<\/div>\n\t\t\t\t\t\t\t\t<\/div>\n\t\t\t\t<\/div>\n\t\t\t\t\t<\/div>\n\t\t<\/div>\n\t\t\t\t\t<\/div>\n\t\t<\/section>\n\t\t\t\t<\/div>\n\t\t","protected":false},"excerpt":{"rendered":"<p>becas y aPADRINAMIENTOS Burkina Faso Los fondos destinados al Colegio de las Religiosas de Mar\u00eda Inmaculada de Bobo Dioulasso, en Burkina Faso, ayudan econ\u00f3micamente a las religiosas que gestionan el centro para mantener a una gran parte de su alumnado, compuesto mayoritariamente por ni\u00f1as. Contactar localizaci\u00f3n Bobo-Diulasso, Burkina Faso Duraci\u00f3n Desde el a\u00f1o 1998 hasta [&hellip;]<\/p>\n","protected":false},"author":33,"featured_media":0,"parent":0,"menu_order":0,"comment_status":"closed","ping_status":"closed","template":"elementor_header_footer","meta":{"footnotes":""},"class_list":["post-2311","page","type-page","status-publish","hentry"],"_links":{"self":[{"href":"https:\/\/www.ajcl.es\/index.php\/wp-json\/wp\/v2\/pages\/2311","targetHints":{"allow":["GET"]}}],"collection":[{"href":"https:\/\/www.ajcl.es\/index.php\/wp-json\/wp\/v2\/pages"}],"about":[{"href":"https:\/\/www.ajcl.es\/index.php\/wp-json\/wp\/v2\/types\/page"}],"author":[{"embeddable":true,"href":"https:\/\/www.ajcl.es\/index.php\/wp-json\/wp\/v2\/users\/33"}],"replies":[{"embeddable":true,"href":"https:\/\/www.ajcl.es\/index.php\/wp-json\/wp\/v2\/comments?post=2311"}],"version-history":[{"count":12,"href":"https:\/\/www.ajcl.es\/index.php\/wp-json\/wp\/v2\/pages\/2311\/revisions"}],"predecessor-version":[{"id":3876,"href":"https:\/\/www.ajcl.es\/index.php\/wp-json\/wp\/v2\/pages\/2311\/revisions\/3876"}],"wp:attachment":[{"href":"https:\/\/www.ajcl.es\/index.php\/wp-json\/wp\/v2\/media?parent=2311"}],"curies":[{"name":"wp","href":"https:\/\/api.w.org\/{rel}","templated":true}]}}