{"id":2422,"date":"2022-04-05T19:17:02","date_gmt":"2022-04-05T19:17:02","guid":{"rendered":"https:\/\/www.ajcl.es\/?page_id=2422"},"modified":"2025-06-03T08:51:38","modified_gmt":"2025-06-03T08:51:38","slug":"becas-ccaijo-peru","status":"publish","type":"page","link":"https:\/\/www.ajcl.es\/index.php\/becas-ccaijo-peru\/","title":{"rendered":"CCAIJO Per\u00fa"},"content":{"rendered":"\t\t<div data-elementor-type=\"wp-page\" data-elementor-id=\"2422\" class=\"elementor elementor-2422\">\n\t\t\t\t\t\t<section class=\"elementor-section elementor-top-section elementor-element elementor-element-20e93147 elementor-section-boxed elementor-section-height-default elementor-section-height-default\" data-id=\"20e93147\" data-element_type=\"section\" data-e-type=\"section\" data-settings=\"{&quot;background_background&quot;:&quot;classic&quot;}\">\n\t\t\t\t\t\t\t<div class=\"elementor-background-overlay\"><\/div>\n\t\t\t\t\t\t\t<div class=\"elementor-container elementor-column-gap-default\">\n\t\t\t\t\t<div class=\"elementor-column elementor-col-100 elementor-top-column elementor-element elementor-element-1ab393ef\" data-id=\"1ab393ef\" data-element_type=\"column\" data-e-type=\"column\" data-settings=\"{&quot;background_background&quot;:&quot;classic&quot;}\">\n\t\t\t<div class=\"elementor-widget-wrap elementor-element-populated\">\n\t\t\t\t\t\t<div class=\"elementor-element elementor-element-764b8aba elementor-widget elementor-widget-heading\" data-id=\"764b8aba\" data-element_type=\"widget\" data-e-type=\"widget\" data-widget_type=\"heading.default\">\n\t\t\t\t<div class=\"elementor-widget-container\">\n\t\t\t\t\t<h6 class=\"elementor-heading-title elementor-size-large\">becas y aPADRINAMIENTOS<\/h6>\t\t\t\t<\/div>\n\t\t\t\t<\/div>\n\t\t\t\t<div class=\"elementor-element elementor-element-487142a3 elementor-widget elementor-widget-heading\" data-id=\"487142a3\" data-element_type=\"widget\" data-e-type=\"widget\" data-widget_type=\"heading.default\">\n\t\t\t\t<div class=\"elementor-widget-container\">\n\t\t\t\t\t<h2 class=\"elementor-heading-title elementor-size-large\">CCAIJO Per\u00fa<\/h2>\t\t\t\t<\/div>\n\t\t\t\t<\/div>\n\t\t\t\t<div class=\"elementor-element elementor-element-56f10c3a elementor-widget elementor-widget-text-editor\" data-id=\"56f10c3a\" data-element_type=\"widget\" data-e-type=\"widget\" data-widget_type=\"text-editor.default\">\n\t\t\t\t<div class=\"elementor-widget-container\">\n\t\t\t\t\t\t\t\t\t<p>El objetivo del programa de becas CCAIJO Per\u00fa es cubrir los costes de la formaci\u00f3n profesional de una quincena de j\u00f3venes y adultos con pocas salidas profesionales o peque\u00f1os aut\u00f3nomos que buscan mejorar su posici\u00f3n econ\u00f3mica. Las personas beneficiadas del programa residen en distintas localidades de la provincia de Cuzco (Per\u00fa).<\/p>\t\t\t\t\t\t\t\t<\/div>\n\t\t\t\t<\/div>\n\t\t\t\t<div class=\"elementor-element elementor-element-45856aba elementor-align-left elementor-tablet-align-center elementor-mobile-align-center elementor-widget elementor-widget-button\" data-id=\"45856aba\" data-element_type=\"widget\" data-e-type=\"widget\" data-widget_type=\"button.default\">\n\t\t\t\t<div class=\"elementor-widget-container\">\n\t\t\t\t\t\t\t\t\t<div class=\"elementor-button-wrapper\">\n\t\t\t\t\t<a class=\"elementor-button elementor-button-link elementor-size-sm\" href=\"https:\/\/www.ajcl.es\/index.php\/unirse\/\">\n\t\t\t\t\t\t<span class=\"elementor-button-content-wrapper\">\n\t\t\t\t\t\t<span class=\"elementor-button-icon\">\n\t\t\t\t<i aria-hidden=\"true\" class=\"fas fa-caret-right\"><\/i>\t\t\t<\/span>\n\t\t\t\t\t\t\t\t\t<span class=\"elementor-button-text\">Contactar<\/span>\n\t\t\t\t\t<\/span>\n\t\t\t\t\t<\/a>\n\t\t\t\t<\/div>\n\t\t\t\t\t\t\t\t<\/div>\n\t\t\t\t<\/div>\n\t\t\t\t\t<\/div>\n\t\t<\/div>\n\t\t\t\t\t<\/div>\n\t\t<\/section>\n\t\t\t\t<section class=\"elementor-section elementor-top-section elementor-element elementor-element-26c3ed75 elementor-section-boxed elementor-section-height-default elementor-section-height-default\" data-id=\"26c3ed75\" data-element_type=\"section\" data-e-type=\"section\" data-settings=\"{&quot;background_background&quot;:&quot;classic&quot;}\">\n\t\t\t\t\t\t<div class=\"elementor-container elementor-column-gap-default\">\n\t\t\t\t\t<div class=\"elementor-column elementor-col-33 elementor-top-column elementor-element elementor-element-7a3e1b04\" data-id=\"7a3e1b04\" data-element_type=\"column\" data-e-type=\"column\">\n\t\t\t<div class=\"elementor-widget-wrap elementor-element-populated\">\n\t\t\t\t\t\t<div class=\"elementor-element elementor-element-2418c2fa elementor-position-top elementor-widget elementor-widget-image-box\" data-id=\"2418c2fa\" data-element_type=\"widget\" data-e-type=\"widget\" data-widget_type=\"image-box.default\">\n\t\t\t\t<div class=\"elementor-widget-container\">\n\t\t\t\t\t<div class=\"elementor-image-box-wrapper\"><figure class=\"elementor-image-box-img\"><img fetchpriority=\"high\" decoding=\"async\" width=\"300\" height=\"300\" src=\"https:\/\/www.ajcl.es\/wp-content\/uploads\/sites\/7\/2021\/09\/map-marker-tur-300x300.png\" class=\"attachment-medium size-medium wp-image-379\" alt=\"\" srcset=\"https:\/\/www.ajcl.es\/wp-content\/uploads\/sites\/7\/2021\/09\/map-marker-tur-300x300.png 300w, https:\/\/www.ajcl.es\/wp-content\/uploads\/sites\/7\/2021\/09\/map-marker-tur-150x150.png 150w, https:\/\/www.ajcl.es\/wp-content\/uploads\/sites\/7\/2021\/09\/map-marker-tur.png 512w\" sizes=\"(max-width: 300px) 100vw, 300px\" \/><\/figure><div class=\"elementor-image-box-content\"><h3 class=\"elementor-image-box-title\">localizaci\u00f3n<\/h3><p class=\"elementor-image-box-description\">Provincia de Cuzco (Per\u00fa)<\/p><\/div><\/div>\t\t\t\t<\/div>\n\t\t\t\t<\/div>\n\t\t\t\t\t<\/div>\n\t\t<\/div>\n\t\t\t\t<div class=\"elementor-column elementor-col-33 elementor-top-column elementor-element elementor-element-5a4fd905\" data-id=\"5a4fd905\" data-element_type=\"column\" data-e-type=\"column\">\n\t\t\t<div class=\"elementor-widget-wrap elementor-element-populated\">\n\t\t\t\t\t\t<div class=\"elementor-element elementor-element-39707377 elementor-position-top elementor-widget elementor-widget-image-box\" data-id=\"39707377\" data-element_type=\"widget\" data-e-type=\"widget\" data-widget_type=\"image-box.default\">\n\t\t\t\t<div class=\"elementor-widget-container\">\n\t\t\t\t\t<div class=\"elementor-image-box-wrapper\"><figure class=\"elementor-image-box-img\"><img decoding=\"async\" width=\"300\" height=\"300\" src=\"https:\/\/www.ajcl.es\/wp-content\/uploads\/sites\/7\/2021\/09\/calendar-tur-300x300.png\" class=\"attachment-medium size-medium wp-image-382\" alt=\"\" srcset=\"https:\/\/www.ajcl.es\/wp-content\/uploads\/sites\/7\/2021\/09\/calendar-tur-300x300.png 300w, https:\/\/www.ajcl.es\/wp-content\/uploads\/sites\/7\/2021\/09\/calendar-tur-150x150.png 150w, https:\/\/www.ajcl.es\/wp-content\/uploads\/sites\/7\/2021\/09\/calendar-tur.png 512w\" sizes=\"(max-width: 300px) 100vw, 300px\" \/><\/figure><div class=\"elementor-image-box-content\"><h3 class=\"elementor-image-box-title\">Duraci\u00f3n<\/h3><p class=\"elementor-image-box-description\">Desde el a\u00f1o 1996 hasta la actualidad<\/p><\/div><\/div>\t\t\t\t<\/div>\n\t\t\t\t<\/div>\n\t\t\t\t\t<\/div>\n\t\t<\/div>\n\t\t\t\t<div class=\"elementor-column elementor-col-33 elementor-top-column elementor-element elementor-element-3a891a3e\" data-id=\"3a891a3e\" data-element_type=\"column\" data-e-type=\"column\">\n\t\t\t<div class=\"elementor-widget-wrap elementor-element-populated\">\n\t\t\t\t\t\t<div class=\"elementor-element elementor-element-6012830 elementor-position-top elementor-widget elementor-widget-image-box\" data-id=\"6012830\" data-element_type=\"widget\" data-e-type=\"widget\" data-widget_type=\"image-box.default\">\n\t\t\t\t<div class=\"elementor-widget-container\">\n\t\t\t\t\t<div class=\"elementor-image-box-wrapper\"><figure class=\"elementor-image-box-img\"><img decoding=\"async\" width=\"300\" height=\"300\" src=\"https:\/\/www.ajcl.es\/wp-content\/uploads\/sites\/7\/2021\/09\/life-ring-300x300.png\" class=\"attachment-medium size-medium wp-image-418\" alt=\"\" srcset=\"https:\/\/www.ajcl.es\/wp-content\/uploads\/sites\/7\/2021\/09\/life-ring-300x300.png 300w, https:\/\/www.ajcl.es\/wp-content\/uploads\/sites\/7\/2021\/09\/life-ring-150x150.png 150w, https:\/\/www.ajcl.es\/wp-content\/uploads\/sites\/7\/2021\/09\/life-ring.png 512w\" sizes=\"(max-width: 300px) 100vw, 300px\" \/><\/figure><div class=\"elementor-image-box-content\"><h3 class=\"elementor-image-box-title\">Ayuda<\/h3><p class=\"elementor-image-box-description\">Financiar los costes de la capatizaci\u00f3n profesional<\/p><\/div><\/div>\t\t\t\t<\/div>\n\t\t\t\t<\/div>\n\t\t\t\t\t<\/div>\n\t\t<\/div>\n\t\t\t\t\t<\/div>\n\t\t<\/section>\n\t\t\t\t<section class=\"elementor-section elementor-top-section elementor-element elementor-element-7d8a3d3f elementor-section-boxed elementor-section-height-default elementor-section-height-default\" data-id=\"7d8a3d3f\" data-element_type=\"section\" data-e-type=\"section\">\n\t\t\t\t\t\t<div class=\"elementor-container elementor-column-gap-default\">\n\t\t\t\t\t<div class=\"elementor-column elementor-col-100 elementor-top-column elementor-element elementor-element-5fc9dd1f\" data-id=\"5fc9dd1f\" data-element_type=\"column\" data-e-type=\"column\">\n\t\t\t<div class=\"elementor-widget-wrap elementor-element-populated\">\n\t\t\t\t\t\t<div class=\"elementor-element elementor-element-706d3c93 elementor-widget-divider--view-line elementor-widget elementor-widget-divider\" data-id=\"706d3c93\" data-element_type=\"widget\" data-e-type=\"widget\" data-widget_type=\"divider.default\">\n\t\t\t\t<div class=\"elementor-widget-container\">\n\t\t\t\t\t\t\t<div class=\"elementor-divider\">\n\t\t\t<span class=\"elementor-divider-separator\">\n\t\t\t\t\t\t<\/span>\n\t\t<\/div>\n\t\t\t\t\t\t<\/div>\n\t\t\t\t<\/div>\n\t\t\t\t\t<\/div>\n\t\t<\/div>\n\t\t\t\t\t<\/div>\n\t\t<\/section>\n\t\t\t\t<section class=\"elementor-section elementor-top-section elementor-element elementor-element-655264ea elementor-section-boxed elementor-section-height-default elementor-section-height-default\" data-id=\"655264ea\" data-element_type=\"section\" data-e-type=\"section\" data-settings=\"{&quot;background_background&quot;:&quot;classic&quot;}\">\n\t\t\t\t\t\t<div class=\"elementor-container elementor-column-gap-default\">\n\t\t\t\t\t<div class=\"elementor-column elementor-col-33 elementor-top-column elementor-element elementor-element-673adbee\" data-id=\"673adbee\" data-element_type=\"column\" data-e-type=\"column\">\n\t\t\t<div class=\"elementor-widget-wrap elementor-element-populated\">\n\t\t\t\t\t\t<div class=\"elementor-element elementor-element-40fc718e elementor-position-top elementor-widget elementor-widget-image-box\" data-id=\"40fc718e\" data-element_type=\"widget\" data-e-type=\"widget\" data-widget_type=\"image-box.default\">\n\t\t\t\t<div class=\"elementor-widget-container\">\n\t\t\t\t\t<div class=\"elementor-image-box-wrapper\"><figure class=\"elementor-image-box-img\"><img loading=\"lazy\" decoding=\"async\" width=\"300\" height=\"300\" src=\"https:\/\/www.ajcl.es\/wp-content\/uploads\/sites\/7\/2022\/04\/dollar-free-icon-font-300x300.png\" class=\"attachment-medium size-medium wp-image-2191\" alt=\"\" srcset=\"https:\/\/www.ajcl.es\/wp-content\/uploads\/sites\/7\/2022\/04\/dollar-free-icon-font-300x300.png 300w, https:\/\/www.ajcl.es\/wp-content\/uploads\/sites\/7\/2022\/04\/dollar-free-icon-font-150x150.png 150w, https:\/\/www.ajcl.es\/wp-content\/uploads\/sites\/7\/2022\/04\/dollar-free-icon-font.png 512w\" sizes=\"(max-width: 300px) 100vw, 300px\" \/><\/figure><div class=\"elementor-image-box-content\"><h3 class=\"elementor-image-box-title\">Coste por beca<\/h3><p class=\"elementor-image-box-description\">$360<\/p><\/div><\/div>\t\t\t\t<\/div>\n\t\t\t\t<\/div>\n\t\t\t\t\t<\/div>\n\t\t<\/div>\n\t\t\t\t<div class=\"elementor-column elementor-col-33 elementor-top-column elementor-element elementor-element-540ec004\" data-id=\"540ec004\" data-element_type=\"column\" data-e-type=\"column\">\n\t\t\t<div class=\"elementor-widget-wrap elementor-element-populated\">\n\t\t\t\t\t\t<div class=\"elementor-element elementor-element-41bcbc4 elementor-position-top elementor-widget elementor-widget-image-box\" data-id=\"41bcbc4\" data-element_type=\"widget\" data-e-type=\"widget\" data-widget_type=\"image-box.default\">\n\t\t\t\t<div class=\"elementor-widget-container\">\n\t\t\t\t\t<div class=\"elementor-image-box-wrapper\"><figure class=\"elementor-image-box-img\"><img loading=\"lazy\" decoding=\"async\" width=\"300\" height=\"300\" src=\"https:\/\/www.ajcl.es\/wp-content\/uploads\/sites\/7\/2022\/04\/graduation-cap-free-icon-font-300x300.png\" class=\"attachment-medium size-medium wp-image-2194\" alt=\"\" srcset=\"https:\/\/www.ajcl.es\/wp-content\/uploads\/sites\/7\/2022\/04\/graduation-cap-free-icon-font-300x300.png 300w, https:\/\/www.ajcl.es\/wp-content\/uploads\/sites\/7\/2022\/04\/graduation-cap-free-icon-font-150x150.png 150w, https:\/\/www.ajcl.es\/wp-content\/uploads\/sites\/7\/2022\/04\/graduation-cap-free-icon-font.png 512w\" sizes=\"(max-width: 300px) 100vw, 300px\" \/><\/figure><div class=\"elementor-image-box-content\"><h3 class=\"elementor-image-box-title\">N\u00famero de becas<\/h3><p class=\"elementor-image-box-description\">15<\/p><\/div><\/div>\t\t\t\t<\/div>\n\t\t\t\t<\/div>\n\t\t\t\t\t<\/div>\n\t\t<\/div>\n\t\t\t\t<div class=\"elementor-column elementor-col-33 elementor-top-column elementor-element elementor-element-a4c3cf6\" data-id=\"a4c3cf6\" data-element_type=\"column\" data-e-type=\"column\">\n\t\t\t<div class=\"elementor-widget-wrap elementor-element-populated\">\n\t\t\t\t\t\t<div class=\"elementor-element elementor-element-770f5b7e elementor-position-top elementor-widget elementor-widget-image-box\" data-id=\"770f5b7e\" data-element_type=\"widget\" data-e-type=\"widget\" data-widget_type=\"image-box.default\">\n\t\t\t\t<div class=\"elementor-widget-container\">\n\t\t\t\t\t<div class=\"elementor-image-box-wrapper\"><figure class=\"elementor-image-box-img\"><img loading=\"lazy\" decoding=\"async\" width=\"300\" height=\"300\" src=\"https:\/\/www.ajcl.es\/wp-content\/uploads\/sites\/7\/2022\/04\/following-free-icon-font-300x300.png\" class=\"attachment-medium size-medium wp-image-2188\" alt=\"\" srcset=\"https:\/\/www.ajcl.es\/wp-content\/uploads\/sites\/7\/2022\/04\/following-free-icon-font-300x300.png 300w, https:\/\/www.ajcl.es\/wp-content\/uploads\/sites\/7\/2022\/04\/following-free-icon-font-150x150.png 150w, https:\/\/www.ajcl.es\/wp-content\/uploads\/sites\/7\/2022\/04\/following-free-icon-font.png 512w\" sizes=\"(max-width: 300px) 100vw, 300px\" \/><\/figure><div class=\"elementor-image-box-content\"><h3 class=\"elementor-image-box-title\">Padrinos<\/h3><p class=\"elementor-image-box-description\">3<\/p><\/div><\/div>\t\t\t\t<\/div>\n\t\t\t\t<\/div>\n\t\t\t\t\t<\/div>\n\t\t<\/div>\n\t\t\t\t\t<\/div>\n\t\t<\/section>\n\t\t\t\t<section class=\"elementor-section elementor-top-section elementor-element elementor-element-286c6a05 elementor-section-boxed elementor-section-height-default elementor-section-height-default\" data-id=\"286c6a05\" data-element_type=\"section\" data-e-type=\"section\">\n\t\t\t\t\t\t<div class=\"elementor-container elementor-column-gap-default\">\n\t\t\t\t\t<div class=\"elementor-column elementor-col-50 elementor-top-column elementor-element elementor-element-495be50e\" data-id=\"495be50e\" data-element_type=\"column\" data-e-type=\"column\">\n\t\t\t<div class=\"elementor-widget-wrap elementor-element-populated\">\n\t\t\t\t\t\t<div class=\"elementor-element elementor-element-3e25f94c elementor-widget elementor-widget-image\" data-id=\"3e25f94c\" data-element_type=\"widget\" data-e-type=\"widget\" data-widget_type=\"image.default\">\n\t\t\t\t<div class=\"elementor-widget-container\">\n\t\t\t\t\t\t\t\t\t\t\t\t\t\t\t<img loading=\"lazy\" decoding=\"async\" width=\"580\" height=\"911\" src=\"https:\/\/www.ajcl.es\/wp-content\/uploads\/sites\/7\/2022\/04\/imagen_2022-04-06_002445-652x1024.png\" class=\"attachment-large size-large wp-image-2518\" alt=\"\" srcset=\"https:\/\/www.ajcl.es\/wp-content\/uploads\/sites\/7\/2022\/04\/imagen_2022-04-06_002445-652x1024.png 652w, https:\/\/www.ajcl.es\/wp-content\/uploads\/sites\/7\/2022\/04\/imagen_2022-04-06_002445-191x300.png 191w, https:\/\/www.ajcl.es\/wp-content\/uploads\/sites\/7\/2022\/04\/imagen_2022-04-06_002445.png 671w\" sizes=\"(max-width: 580px) 100vw, 580px\" \/>\t\t\t\t\t\t\t\t\t\t\t\t\t\t\t<\/div>\n\t\t\t\t<\/div>\n\t\t\t\t\t<\/div>\n\t\t<\/div>\n\t\t\t\t<div class=\"elementor-column elementor-col-50 elementor-top-column elementor-element elementor-element-1ba3397b\" data-id=\"1ba3397b\" data-element_type=\"column\" data-e-type=\"column\">\n\t\t\t<div class=\"elementor-widget-wrap elementor-element-populated\">\n\t\t\t\t\t\t<div class=\"elementor-element elementor-element-5afc59d8 elementor-widget elementor-widget-heading\" data-id=\"5afc59d8\" data-element_type=\"widget\" data-e-type=\"widget\" data-widget_type=\"heading.default\">\n\t\t\t\t<div class=\"elementor-widget-container\">\n\t\t\t\t\t<h2 class=\"elementor-heading-title elementor-size-default\">Descripci\u00f3n del programa<\/h2>\t\t\t\t<\/div>\n\t\t\t\t<\/div>\n\t\t\t\t<div class=\"elementor-element elementor-element-10ce6f01 elementor-widget elementor-widget-text-editor\" data-id=\"10ce6f01\" data-element_type=\"widget\" data-e-type=\"widget\" data-widget_type=\"text-editor.default\">\n\t\t\t\t<div class=\"elementor-widget-container\">\n\t\t\t\t\t\t\t\t\t<p>\u00a0<\/p><p>La ACJL lleva colaborando desde hace m\u00e1s de 25 con la ONG peruana CCAIJO<span style=\"font-size: inherit;text-align: inherit;letter-spacing: -0.015em\">, una obra apost\u00f3lica de la Compa\u00f1\u00eda de Jes\u00fas cuya funci\u00f3n es fomentar el desarrollo humano sostenible. Para ello, nuestra asociaci\u00f3n apadrina los estudios de varios estudiantes de formaci\u00f3n profesional, los cuales imparten cursos en las siguientes \u00e1reas:<\/span><\/p><ul style=\"text-align: justify\"><li>Computaci\u00f3n<\/li><li>Hosteler\u00eda<\/li><li>Tejido de telar<\/li><li>Ganader\u00eda<\/li><li>Transformaci\u00f3n de l\u00e1cteos<\/li><\/ul><p><span style=\"letter-spacing: -0.27px;font-size: 1.8rem\">De esta forma, los graduados obtienen los conocimientos necesarios para mejorar sus condiciones de vida, ya sea aprendiendo una nueva profesi\u00f3n o mejorando los conocimientos de su \u00e1rea de trabajo.<\/span><\/p><p><span style=\"letter-spacing: -0.27px;font-size: 1.8rem\">Actualmente la AJCL aporta m\u00e1s de $5.000 anuales, los cuales se destinan a financiar los estudios de 15 alumnos en tres centros diferentes (datos del a\u00f1o 2021):<\/span><\/p><ul style=\"font-size: 18px;text-align: justify;letter-spacing: -0.27px\"><li>Andahuaylillas \u2013 7 beneficiarios<\/li><li>Ccatcca \u2013 2 beneficiarios<\/li><li><p>Ocongate \u2013 6 beneficiarios<\/p><\/li><\/ul>\t\t\t\t\t\t\t\t<\/div>\n\t\t\t\t<\/div>\n\t\t\t\t\t<\/div>\n\t\t<\/div>\n\t\t\t\t\t<\/div>\n\t\t<\/section>\n\t\t\t\t<section class=\"elementor-section elementor-top-section elementor-element elementor-element-7a861e5e elementor-section-boxed elementor-section-height-default elementor-section-height-default\" data-id=\"7a861e5e\" data-element_type=\"section\" data-e-type=\"section\" data-settings=\"{&quot;background_background&quot;:&quot;classic&quot;}\">\n\t\t\t\t\t\t<div class=\"elementor-container elementor-column-gap-default\">\n\t\t\t\t\t<div class=\"elementor-column elementor-col-25 elementor-top-column elementor-element elementor-element-1a29dc43\" data-id=\"1a29dc43\" data-element_type=\"column\" data-e-type=\"column\">\n\t\t\t<div class=\"elementor-widget-wrap elementor-element-populated\">\n\t\t\t\t\t\t<div class=\"elementor-element elementor-element-4df05bae elementor-widget__width-auto elementor-widget elementor-widget-image\" data-id=\"4df05bae\" data-element_type=\"widget\" data-e-type=\"widget\" data-widget_type=\"image.default\">\n\t\t\t\t<div class=\"elementor-widget-container\">\n\t\t\t\t\t\t\t\t\t\t\t\t\t\t\t<img loading=\"lazy\" decoding=\"async\" width=\"567\" height=\"137\" src=\"https:\/\/www.ajcl.es\/wp-content\/uploads\/sites\/7\/2022\/11\/logo_AJCL.png\" class=\"attachment-large size-large wp-image-3106\" alt=\"\" srcset=\"https:\/\/www.ajcl.es\/wp-content\/uploads\/sites\/7\/2022\/11\/logo_AJCL.png 567w, https:\/\/www.ajcl.es\/wp-content\/uploads\/sites\/7\/2022\/11\/logo_AJCL-300x72.png 300w\" sizes=\"(max-width: 567px) 100vw, 567px\" \/>\t\t\t\t\t\t\t\t\t\t\t\t\t\t\t<\/div>\n\t\t\t\t<\/div>\n\t\t\t\t\t<\/div>\n\t\t<\/div>\n\t\t\t\t<div class=\"elementor-column elementor-col-25 elementor-top-column elementor-element elementor-element-a7f6a0b\" data-id=\"a7f6a0b\" data-element_type=\"column\" data-e-type=\"column\">\n\t\t\t<div class=\"elementor-widget-wrap elementor-element-populated\">\n\t\t\t\t\t\t<div class=\"elementor-element elementor-element-2546b672 elementor-widget elementor-widget-heading\" data-id=\"2546b672\" data-element_type=\"widget\" data-e-type=\"widget\" data-widget_type=\"heading.default\">\n\t\t\t\t<div class=\"elementor-widget-container\">\n\t\t\t\t\t<h4 class=\"elementor-heading-title elementor-size-default\">Localizaci\u00f3n<\/h4>\t\t\t\t<\/div>\n\t\t\t\t<\/div>\n\t\t\t\t<div class=\"elementor-element elementor-element-696289b8 elementor-widget elementor-widget-text-editor\" data-id=\"696289b8\" data-element_type=\"widget\" data-e-type=\"widget\" data-widget_type=\"text-editor.default\">\n\t\t\t\t<div class=\"elementor-widget-container\">\n\t\t\t\t\t\t\t\t\t<p>C\/ Alberto Aguilera 25,<\/p><p>28015 &#8211; Madrid,<\/p><p>Espa\u00f1a<\/p>\t\t\t\t\t\t\t\t<\/div>\n\t\t\t\t<\/div>\n\t\t\t\t\t<\/div>\n\t\t<\/div>\n\t\t\t\t<div class=\"elementor-column elementor-col-25 elementor-top-column elementor-element elementor-element-18f9c825\" data-id=\"18f9c825\" data-element_type=\"column\" data-e-type=\"column\">\n\t\t\t<div class=\"elementor-widget-wrap elementor-element-populated\">\n\t\t\t\t\t\t<div class=\"elementor-element elementor-element-305f603a elementor-widget elementor-widget-heading\" data-id=\"305f603a\" data-element_type=\"widget\" data-e-type=\"widget\" data-widget_type=\"heading.default\">\n\t\t\t\t<div class=\"elementor-widget-container\">\n\t\t\t\t\t<h4 class=\"elementor-heading-title elementor-size-default\">Contacto<\/h4>\t\t\t\t<\/div>\n\t\t\t\t<\/div>\n\t\t\t\t<div class=\"elementor-element elementor-element-501e628b elementor-widget elementor-widget-text-editor\" data-id=\"501e628b\" data-element_type=\"widget\" data-e-type=\"widget\" data-widget_type=\"text-editor.default\">\n\t\t\t\t<div class=\"elementor-widget-container\">\n\t\t\t\t\t\t\t\t\t<p>(+34) 91 542 2800 ext 2707<\/p>\n<p>ajcl@comillas.edu<\/p>\t\t\t\t\t\t\t\t<\/div>\n\t\t\t\t<\/div>\n\t\t\t\t\t<\/div>\n\t\t<\/div>\n\t\t\t\t<div class=\"elementor-column elementor-col-25 elementor-top-column elementor-element elementor-element-26fc4c8d\" data-id=\"26fc4c8d\" data-element_type=\"column\" data-e-type=\"column\">\n\t\t\t<div class=\"elementor-widget-wrap elementor-element-populated\">\n\t\t\t\t\t\t<div class=\"elementor-element elementor-element-62a39d08 elementor-align-center elementor-tablet-align-center elementor-mobile-align-center elementor-widget elementor-widget-button\" data-id=\"62a39d08\" data-element_type=\"widget\" data-e-type=\"widget\" data-widget_type=\"button.default\">\n\t\t\t\t<div class=\"elementor-widget-container\">\n\t\t\t\t\t\t\t\t\t<div class=\"elementor-button-wrapper\">\n\t\t\t\t\t<a class=\"elementor-button elementor-button-link elementor-size-sm elementor-animation-grow\" href=\"https:\/\/www.ajcl.es\/index.php\/unirse\/\">\n\t\t\t\t\t\t<span class=\"elementor-button-content-wrapper\">\n\t\t\t\t\t\t<span class=\"elementor-button-icon\">\n\t\t\t\t<i aria-hidden=\"true\" class=\"fas fa-caret-right\"><\/i>\t\t\t<\/span>\n\t\t\t\t\t\t\t\t\t<span class=\"elementor-button-text\">Contactar<\/span>\n\t\t\t\t\t<\/span>\n\t\t\t\t\t<\/a>\n\t\t\t\t<\/div>\n\t\t\t\t\t\t\t\t<\/div>\n\t\t\t\t<\/div>\n\t\t\t\t\t<\/div>\n\t\t<\/div>\n\t\t\t\t\t<\/div>\n\t\t<\/section>\n\t\t\t\t<\/div>\n\t\t","protected":false},"excerpt":{"rendered":"<p>becas y aPADRINAMIENTOS CCAIJO Per\u00fa El objetivo del programa de becas CCAIJO Per\u00fa es cubrir los costes de la formaci\u00f3n profesional de una quincena de j\u00f3venes y adultos con pocas salidas profesionales o peque\u00f1os aut\u00f3nomos que buscan mejorar su posici\u00f3n econ\u00f3mica. Las personas beneficiadas del programa residen en distintas localidades de la provincia de Cuzco [&hellip;]<\/p>\n","protected":false},"author":33,"featured_media":0,"parent":0,"menu_order":0,"comment_status":"closed","ping_status":"closed","template":"elementor_header_footer","meta":{"footnotes":""},"class_list":["post-2422","page","type-page","status-publish","hentry"],"_links":{"self":[{"href":"https:\/\/www.ajcl.es\/index.php\/wp-json\/wp\/v2\/pages\/2422","targetHints":{"allow":["GET"]}}],"collection":[{"href":"https:\/\/www.ajcl.es\/index.php\/wp-json\/wp\/v2\/pages"}],"about":[{"href":"https:\/\/www.ajcl.es\/index.php\/wp-json\/wp\/v2\/types\/page"}],"author":[{"embeddable":true,"href":"https:\/\/www.ajcl.es\/index.php\/wp-json\/wp\/v2\/users\/33"}],"replies":[{"embeddable":true,"href":"https:\/\/www.ajcl.es\/index.php\/wp-json\/wp\/v2\/comments?post=2422"}],"version-history":[{"count":8,"href":"https:\/\/www.ajcl.es\/index.php\/wp-json\/wp\/v2\/pages\/2422\/revisions"}],"predecessor-version":[{"id":3885,"href":"https:\/\/www.ajcl.es\/index.php\/wp-json\/wp\/v2\/pages\/2422\/revisions\/3885"}],"wp:attachment":[{"href":"https:\/\/www.ajcl.es\/index.php\/wp-json\/wp\/v2\/media?parent=2422"}],"curies":[{"name":"wp","href":"https:\/\/api.w.org\/{rel}","templated":true}]}}