{"id":2830,"date":"2022-11-14T08:41:52","date_gmt":"2022-11-14T08:41:52","guid":{"rendered":"https:\/\/www.ajcl.es\/?page_id=2830"},"modified":"2025-06-03T08:47:02","modified_gmt":"2025-06-03T08:47:02","slug":"quienes-somos","status":"publish","type":"page","link":"https:\/\/www.ajcl.es\/index.php\/quienes-somos\/","title":{"rendered":"Qui\u00e9nes somos"},"content":{"rendered":"\t\t<div data-elementor-type=\"wp-page\" data-elementor-id=\"2830\" class=\"elementor elementor-2830\">\n\t\t\t\t\t\t<section class=\"elementor-section elementor-top-section elementor-element elementor-element-31fb8b elementor-section-boxed elementor-section-height-default elementor-section-height-default\" data-id=\"31fb8b\" data-element_type=\"section\" data-e-type=\"section\" data-settings=\"{&quot;background_background&quot;:&quot;classic&quot;}\">\n\t\t\t\t\t\t\t<div class=\"elementor-background-overlay\"><\/div>\n\t\t\t\t\t\t\t<div class=\"elementor-container elementor-column-gap-default\">\n\t\t\t\t\t<div class=\"elementor-column elementor-col-100 elementor-top-column elementor-element elementor-element-407737f\" data-id=\"407737f\" data-element_type=\"column\" data-e-type=\"column\" data-settings=\"{&quot;background_background&quot;:&quot;classic&quot;}\">\n\t\t\t<div class=\"elementor-widget-wrap elementor-element-populated\">\n\t\t\t\t\t\t<div class=\"elementor-element elementor-element-389495e1 elementor-widget elementor-widget-heading\" data-id=\"389495e1\" data-element_type=\"widget\" data-e-type=\"widget\" data-widget_type=\"heading.default\">\n\t\t\t\t<div class=\"elementor-widget-container\">\n\t\t\t\t\t<h6 class=\"elementor-heading-title elementor-size-large\">LA AJCL<\/h6>\t\t\t\t<\/div>\n\t\t\t\t<\/div>\n\t\t\t\t<div class=\"elementor-element elementor-element-1673f39d elementor-widget elementor-widget-heading\" data-id=\"1673f39d\" data-element_type=\"widget\" data-e-type=\"widget\" data-widget_type=\"heading.default\">\n\t\t\t\t<div class=\"elementor-widget-container\">\n\t\t\t\t\t<h2 class=\"elementor-heading-title elementor-size-large\">Qui\u00e9nes somos<\/h2>\t\t\t\t<\/div>\n\t\t\t\t<\/div>\n\t\t\t\t<div class=\"elementor-element elementor-element-5dec4764 elementor-widget elementor-widget-text-editor\" data-id=\"5dec4764\" data-element_type=\"widget\" data-e-type=\"widget\" data-widget_type=\"text-editor.default\">\n\t\t\t\t<div class=\"elementor-widget-container\">\n\t\t\t\t\t\t\t\t\t<p><strong>La Asociaci\u00f3n Juan Carlos Lavalle es una asociaci\u00f3n privada, sin \u00e1nimo de lucro, dedicada al fomento de la cooperaci\u00f3n con pa\u00edses en desarrollo con el objetivo de promover el acceso a la educaci\u00f3n y a unos medios de vida sostenibles para todos.<\/strong><\/p>\t\t\t\t\t\t\t\t<\/div>\n\t\t\t\t<\/div>\n\t\t\t\t<div class=\"elementor-element elementor-element-27da151a elementor-align-left elementor-tablet-align-center elementor-mobile-align-center elementor-widget elementor-widget-button\" data-id=\"27da151a\" data-element_type=\"widget\" data-e-type=\"widget\" data-widget_type=\"button.default\">\n\t\t\t\t<div class=\"elementor-widget-container\">\n\t\t\t\t\t\t\t\t\t<div class=\"elementor-button-wrapper\">\n\t\t\t\t\t<a class=\"elementor-button elementor-button-link elementor-size-sm\" href=\"https:\/\/www.ajcl.es\/index.php\/unirse\/\">\n\t\t\t\t\t\t<span class=\"elementor-button-content-wrapper\">\n\t\t\t\t\t\t<span class=\"elementor-button-icon\">\n\t\t\t\t<i aria-hidden=\"true\" class=\"fas fa-caret-right\"><\/i>\t\t\t<\/span>\n\t\t\t\t\t\t\t\t\t<span class=\"elementor-button-text\">Contactar<\/span>\n\t\t\t\t\t<\/span>\n\t\t\t\t\t<\/a>\n\t\t\t\t<\/div>\n\t\t\t\t\t\t\t\t<\/div>\n\t\t\t\t<\/div>\n\t\t\t\t\t<\/div>\n\t\t<\/div>\n\t\t\t\t\t<\/div>\n\t\t<\/section>\n\t\t\t\t<section class=\"elementor-section elementor-top-section elementor-element elementor-element-59305b89 elementor-section-boxed elementor-section-height-default elementor-section-height-default\" data-id=\"59305b89\" data-element_type=\"section\" data-e-type=\"section\">\n\t\t\t\t\t\t<div class=\"elementor-container elementor-column-gap-default\">\n\t\t\t\t\t<div class=\"elementor-column elementor-col-50 elementor-top-column elementor-element elementor-element-6dbbdb31\" data-id=\"6dbbdb31\" data-element_type=\"column\" data-e-type=\"column\">\n\t\t\t<div class=\"elementor-widget-wrap elementor-element-populated\">\n\t\t\t\t\t\t<div class=\"elementor-element elementor-element-636d3f0d elementor-widget elementor-widget-image\" data-id=\"636d3f0d\" data-element_type=\"widget\" data-e-type=\"widget\" data-widget_type=\"image.default\">\n\t\t\t\t<div class=\"elementor-widget-container\">\n\t\t\t\t\t\t\t\t\t\t\t\t\t\t\t<img fetchpriority=\"high\" decoding=\"async\" width=\"200\" height=\"323\" src=\"https:\/\/www.ajcl.es\/wp-content\/uploads\/sites\/7\/2022\/11\/1989_La-Pedriza_3A.jpg\" class=\"attachment-large size-large wp-image-2890\" alt=\"\" srcset=\"https:\/\/www.ajcl.es\/wp-content\/uploads\/sites\/7\/2022\/11\/1989_La-Pedriza_3A.jpg 200w, https:\/\/www.ajcl.es\/wp-content\/uploads\/sites\/7\/2022\/11\/1989_La-Pedriza_3A-186x300.jpg 186w\" sizes=\"(max-width: 200px) 100vw, 200px\" \/>\t\t\t\t\t\t\t\t\t\t\t\t\t\t\t<\/div>\n\t\t\t\t<\/div>\n\t\t\t\t\t<\/div>\n\t\t<\/div>\n\t\t\t\t<div class=\"elementor-column elementor-col-50 elementor-top-column elementor-element elementor-element-7916b886\" data-id=\"7916b886\" data-element_type=\"column\" data-e-type=\"column\">\n\t\t\t<div class=\"elementor-widget-wrap elementor-element-populated\">\n\t\t\t\t\t\t<div class=\"elementor-element elementor-element-69bd63be elementor-widget elementor-widget-text-editor\" data-id=\"69bd63be\" data-element_type=\"widget\" data-e-type=\"widget\" data-widget_type=\"text-editor.default\">\n\t\t\t\t<div class=\"elementor-widget-container\">\n\t\t\t\t\t\t\t\t\t<p style=\"font-size: 18px;text-align: justify\">La AJCL nace en 1990 a ra\u00edz de la muerte de Juan Carlos Lavalle, estudiante ecuatoriano de doctorado en el Instituto de Investigaci\u00f3n Tecnol\u00f3gica (IIT), de Comillas ICAI-ICADE. De ah\u00ed que sus fines fundacionales sean (v\u00e9ase <a href=\"https:\/\/www.ajcl.es\/wp-content\/uploads\/sites\/7\/2022\/11\/estatutos2007.pdf\">estatutos2007<\/a>):<\/p><ol style=\"font-size: 18px;text-align: justify\"><li>Contribuir a que puedan realizarse los ideales de Juan Carlos Lavalle para la consecuci\u00f3n de un mundo m\u00e1s justo, con igualdad de acceso a la educaci\u00f3n para todos<\/li><li>Promover en Espa\u00f1a el recuerdo de Juan Carlos Lavalle, su talante humanista y su esp\u00edritu investigador.<\/li><\/ol>\t\t\t\t\t\t\t\t<\/div>\n\t\t\t\t<\/div>\n\t\t\t\t\t<\/div>\n\t\t<\/div>\n\t\t\t\t\t<\/div>\n\t\t<\/section>\n\t\t\t\t<section class=\"elementor-section elementor-top-section elementor-element elementor-element-15003cf elementor-section-height-min-height elementor-section-content-top elementor-section-boxed elementor-section-height-default elementor-section-items-middle\" data-id=\"15003cf\" data-element_type=\"section\" data-e-type=\"section\">\n\t\t\t\t\t\t<div class=\"elementor-container elementor-column-gap-default\">\n\t\t\t\t\t<div class=\"elementor-column elementor-col-100 elementor-top-column elementor-element elementor-element-bcf4354\" data-id=\"bcf4354\" data-element_type=\"column\" data-e-type=\"column\">\n\t\t\t<div class=\"elementor-widget-wrap elementor-element-populated\">\n\t\t\t\t\t\t<div class=\"elementor-element elementor-element-e242107 elementor-widget elementor-widget-text-editor\" data-id=\"e242107\" data-element_type=\"widget\" data-e-type=\"widget\" data-widget_type=\"text-editor.default\">\n\t\t\t\t<div class=\"elementor-widget-container\">\n\t\t\t\t\t\t\t\t\t<p>Gracias a la aportaci\u00f3n de sus socios, padrinos y donantes, desde su creaci\u00f3n en 1990, la AJCL ha invertido 1.200.000 euros en la educaci\u00f3n de ni\u00f1os y adultos en Am\u00e9rica Latina y \u00c1frica a trav\u00e9s de m\u00e1s de 1800 becas. El trabajo \u00edntegramente voluntario de socios y colaboradores permite destinar el 100% de los ingresos a las becas y proyectos. Es una asociaci\u00f3n peque\u00f1a con grandes ideales, que permite a los socios y colaboradores un control cercano y eficaz de sus contribuciones solidarias.<\/p><p>La Asociaci\u00f3n Juan Carlos Lavalle est\u00e1 registrada en el Ministerio de Justicia e Interior (n\u00famero 98532) y fue declarada de Utilidad P\u00fablica en mayo de 2005 (v\u00e9ase <a href=\"https:\/\/www.ajcl.es\/wp-content\/uploads\/sites\/7\/2022\/11\/BOE_utilidad_publica.pdf\">BOE_utilidad_publica<\/a>).<\/p><p>Si quieres ver la \u00faltima memoria anual, consulta este enlace (<a href=\"https:\/\/www.ajcl.es\/wp-content\/uploads\/sites\/7\/2022\/11\/Documento_01_-Memoria_de_actividades_2021_firmado.pdf\">Memoria_de_actividades<\/a>)<\/p><h5><strong>La Asociaci\u00f3n est\u00e1 actualmente gestionada por:<\/strong><\/h5><ul><li><strong>Presidente<\/strong>: Fernando de Cuadra Garc\u00eda<\/li><li><strong>Vicepresidente<\/strong>: Dami\u00e1n Laloux Dallemagne\u00a0<\/li><li><strong>Secretario<\/strong>: Jos\u00e9 Daniel Mu\u00f1oz Fr\u00edas<\/li><li><strong>Tesorera<\/strong>: Sof\u00eda C. Pagola Men\u00e9ndez<\/li><li><strong>Vocal<\/strong>: Yolanda Gonz\u00e1lez Arechavala\u00a0<\/li><li><strong>Vocal<\/strong>: Asunci\u00f3n Gonz\u00e1lez Sotos<\/li><li><strong>Vocal<\/strong>: F. Luis Pagola de las Heras\u00a0<\/li><li><strong>Vocal<\/strong>: Javier P\u00e9rez Gonz\u00e1lez\u00a0<\/li><\/ul><p>Estos cargos son elegidos cada a\u00f1o en la Asamblea Anual de Socios (v\u00e9ase el <a href=\"https:\/\/www.ajcl.es\/wp-content\/uploads\/sites\/7\/2022\/11\/asamblea_20210414_actaord.pdf\">Acta de la \u00faltima asamblea<\/a>), y deben entenderse como responsabilidades asignadas a socios voluntarios. Te invitamos cordialmente a colaborar como socio, donante y voluntario en nuestras actividades: si te animas\u2026<\/p><p><strong>Ponte en contacto con la Asociaci\u00f3n en ajcl@comillas.edu<\/strong><\/p>\t\t\t\t\t\t\t\t<\/div>\n\t\t\t\t<\/div>\n\t\t\t\t\t<\/div>\n\t\t<\/div>\n\t\t\t\t\t<\/div>\n\t\t<\/section>\n\t\t\t\t<section class=\"elementor-section elementor-top-section elementor-element elementor-element-ec04578 elementor-section-boxed elementor-section-height-default elementor-section-height-default\" data-id=\"ec04578\" data-element_type=\"section\" data-e-type=\"section\">\n\t\t\t\t\t\t<div class=\"elementor-container elementor-column-gap-default\">\n\t\t\t\t\t<div class=\"elementor-column elementor-col-100 elementor-top-column elementor-element elementor-element-d2138fc\" data-id=\"d2138fc\" data-element_type=\"column\" data-e-type=\"column\">\n\t\t\t<div class=\"elementor-widget-wrap elementor-element-populated\">\n\t\t\t\t\t\t<div class=\"elementor-element elementor-element-74618ba elementor-widget elementor-widget-image\" data-id=\"74618ba\" data-element_type=\"widget\" data-e-type=\"widget\" data-widget_type=\"image.default\">\n\t\t\t\t<div class=\"elementor-widget-container\">\n\t\t\t\t\t\t\t\t\t\t\t\t\t\t\t<img decoding=\"async\" width=\"580\" height=\"381\" src=\"https:\/\/www.ajcl.es\/wp-content\/uploads\/sites\/7\/2022\/11\/19901219.jpg\" class=\"attachment-large size-large wp-image-3109\" alt=\"\" srcset=\"https:\/\/www.ajcl.es\/wp-content\/uploads\/sites\/7\/2022\/11\/19901219.jpg 908w, https:\/\/www.ajcl.es\/wp-content\/uploads\/sites\/7\/2022\/11\/19901219-300x197.jpg 300w, https:\/\/www.ajcl.es\/wp-content\/uploads\/sites\/7\/2022\/11\/19901219-768x505.jpg 768w\" sizes=\"(max-width: 580px) 100vw, 580px\" \/>\t\t\t\t\t\t\t\t\t\t\t\t\t\t\t<\/div>\n\t\t\t\t<\/div>\n\t\t\t\t\t<\/div>\n\t\t<\/div>\n\t\t\t\t\t<\/div>\n\t\t<\/section>\n\t\t\t\t<section class=\"elementor-section elementor-top-section elementor-element elementor-element-56b50a4b elementor-section-boxed elementor-section-height-default elementor-section-height-default\" data-id=\"56b50a4b\" data-element_type=\"section\" data-e-type=\"section\" data-settings=\"{&quot;background_background&quot;:&quot;classic&quot;}\">\n\t\t\t\t\t\t<div class=\"elementor-container elementor-column-gap-default\">\n\t\t\t\t\t<div class=\"elementor-column elementor-col-25 elementor-top-column elementor-element elementor-element-32455c70\" data-id=\"32455c70\" data-element_type=\"column\" data-e-type=\"column\">\n\t\t\t<div class=\"elementor-widget-wrap elementor-element-populated\">\n\t\t\t\t\t\t<div class=\"elementor-element elementor-element-36eb6182 elementor-widget__width-auto elementor-widget elementor-widget-image\" data-id=\"36eb6182\" data-element_type=\"widget\" data-e-type=\"widget\" data-widget_type=\"image.default\">\n\t\t\t\t<div class=\"elementor-widget-container\">\n\t\t\t\t\t\t\t\t\t\t\t\t\t\t\t<img decoding=\"async\" width=\"567\" height=\"137\" src=\"https:\/\/www.ajcl.es\/wp-content\/uploads\/sites\/7\/2022\/11\/logo_AJCL.png\" class=\"attachment-large size-large wp-image-3106\" alt=\"\" srcset=\"https:\/\/www.ajcl.es\/wp-content\/uploads\/sites\/7\/2022\/11\/logo_AJCL.png 567w, https:\/\/www.ajcl.es\/wp-content\/uploads\/sites\/7\/2022\/11\/logo_AJCL-300x72.png 300w\" sizes=\"(max-width: 567px) 100vw, 567px\" \/>\t\t\t\t\t\t\t\t\t\t\t\t\t\t\t<\/div>\n\t\t\t\t<\/div>\n\t\t\t\t\t<\/div>\n\t\t<\/div>\n\t\t\t\t<div class=\"elementor-column elementor-col-25 elementor-top-column elementor-element elementor-element-43d62271\" data-id=\"43d62271\" data-element_type=\"column\" data-e-type=\"column\">\n\t\t\t<div class=\"elementor-widget-wrap elementor-element-populated\">\n\t\t\t\t\t\t<div class=\"elementor-element elementor-element-688e224e elementor-widget elementor-widget-heading\" data-id=\"688e224e\" data-element_type=\"widget\" data-e-type=\"widget\" data-widget_type=\"heading.default\">\n\t\t\t\t<div class=\"elementor-widget-container\">\n\t\t\t\t\t<h4 class=\"elementor-heading-title elementor-size-default\">Localizaci\u00f3n<\/h4>\t\t\t\t<\/div>\n\t\t\t\t<\/div>\n\t\t\t\t<div class=\"elementor-element elementor-element-5b62260a elementor-widget elementor-widget-text-editor\" data-id=\"5b62260a\" data-element_type=\"widget\" data-e-type=\"widget\" data-widget_type=\"text-editor.default\">\n\t\t\t\t<div class=\"elementor-widget-container\">\n\t\t\t\t\t\t\t\t\t<p>C\/ Alberto Aguilera 25,<\/p><p>28015 &#8211; Madrid,<\/p><p>Espa\u00f1a<\/p>\t\t\t\t\t\t\t\t<\/div>\n\t\t\t\t<\/div>\n\t\t\t\t\t<\/div>\n\t\t<\/div>\n\t\t\t\t<div class=\"elementor-column elementor-col-25 elementor-top-column elementor-element elementor-element-23e6f8f0\" data-id=\"23e6f8f0\" data-element_type=\"column\" data-e-type=\"column\">\n\t\t\t<div class=\"elementor-widget-wrap elementor-element-populated\">\n\t\t\t\t\t\t<div class=\"elementor-element elementor-element-617c04e6 elementor-widget elementor-widget-heading\" data-id=\"617c04e6\" data-element_type=\"widget\" data-e-type=\"widget\" data-widget_type=\"heading.default\">\n\t\t\t\t<div class=\"elementor-widget-container\">\n\t\t\t\t\t<h4 class=\"elementor-heading-title elementor-size-default\">Contacto<\/h4>\t\t\t\t<\/div>\n\t\t\t\t<\/div>\n\t\t\t\t<div class=\"elementor-element elementor-element-341e1295 elementor-widget elementor-widget-text-editor\" data-id=\"341e1295\" data-element_type=\"widget\" data-e-type=\"widget\" data-widget_type=\"text-editor.default\">\n\t\t\t\t<div class=\"elementor-widget-container\">\n\t\t\t\t\t\t\t\t\t<p>(+34) 91 542 2800 ext 2707<\/p>\n<p>ajcl@comillas.edu<\/p>\t\t\t\t\t\t\t\t<\/div>\n\t\t\t\t<\/div>\n\t\t\t\t\t<\/div>\n\t\t<\/div>\n\t\t\t\t<div class=\"elementor-column elementor-col-25 elementor-top-column elementor-element elementor-element-2190a582\" data-id=\"2190a582\" data-element_type=\"column\" data-e-type=\"column\">\n\t\t\t<div class=\"elementor-widget-wrap elementor-element-populated\">\n\t\t\t\t\t\t<div class=\"elementor-element elementor-element-1a3d8ca7 elementor-align-center elementor-tablet-align-center elementor-mobile-align-center elementor-widget elementor-widget-button\" data-id=\"1a3d8ca7\" data-element_type=\"widget\" data-e-type=\"widget\" data-widget_type=\"button.default\">\n\t\t\t\t<div class=\"elementor-widget-container\">\n\t\t\t\t\t\t\t\t\t<div class=\"elementor-button-wrapper\">\n\t\t\t\t\t<a class=\"elementor-button elementor-button-link elementor-size-sm elementor-animation-grow\" href=\"https:\/\/www.ajcl.es\/index.php\/unirse\/\">\n\t\t\t\t\t\t<span class=\"elementor-button-content-wrapper\">\n\t\t\t\t\t\t<span class=\"elementor-button-icon\">\n\t\t\t\t<i aria-hidden=\"true\" class=\"fas fa-caret-right\"><\/i>\t\t\t<\/span>\n\t\t\t\t\t\t\t\t\t<span class=\"elementor-button-text\">Contactar<\/span>\n\t\t\t\t\t<\/span>\n\t\t\t\t\t<\/a>\n\t\t\t\t<\/div>\n\t\t\t\t\t\t\t\t<\/div>\n\t\t\t\t<\/div>\n\t\t\t\t\t<\/div>\n\t\t<\/div>\n\t\t\t\t\t<\/div>\n\t\t<\/section>\n\t\t\t\t<\/div>\n\t\t","protected":false},"excerpt":{"rendered":"<p>LA AJCL Qui\u00e9nes somos La Asociaci\u00f3n Juan Carlos Lavalle es una asociaci\u00f3n privada, sin \u00e1nimo de lucro, dedicada al fomento de la cooperaci\u00f3n con pa\u00edses en desarrollo con el objetivo de promover el acceso a la educaci\u00f3n y a unos medios de vida sostenibles para todos. Contactar La AJCL nace en 1990 a ra\u00edz de [&hellip;]<\/p>\n","protected":false},"author":46,"featured_media":0,"parent":0,"menu_order":0,"comment_status":"closed","ping_status":"closed","template":"elementor_header_footer","meta":{"footnotes":""},"class_list":["post-2830","page","type-page","status-publish","hentry"],"_links":{"self":[{"href":"https:\/\/www.ajcl.es\/index.php\/wp-json\/wp\/v2\/pages\/2830","targetHints":{"allow":["GET"]}}],"collection":[{"href":"https:\/\/www.ajcl.es\/index.php\/wp-json\/wp\/v2\/pages"}],"about":[{"href":"https:\/\/www.ajcl.es\/index.php\/wp-json\/wp\/v2\/types\/page"}],"author":[{"embeddable":true,"href":"https:\/\/www.ajcl.es\/index.php\/wp-json\/wp\/v2\/users\/46"}],"replies":[{"embeddable":true,"href":"https:\/\/www.ajcl.es\/index.php\/wp-json\/wp\/v2\/comments?post=2830"}],"version-history":[{"count":11,"href":"https:\/\/www.ajcl.es\/index.php\/wp-json\/wp\/v2\/pages\/2830\/revisions"}],"predecessor-version":[{"id":3831,"href":"https:\/\/www.ajcl.es\/index.php\/wp-json\/wp\/v2\/pages\/2830\/revisions\/3831"}],"wp:attachment":[{"href":"https:\/\/www.ajcl.es\/index.php\/wp-json\/wp\/v2\/media?parent=2830"}],"curies":[{"name":"wp","href":"https:\/\/api.w.org\/{rel}","templated":true}]}}