{"id":2866,"date":"2022-11-14T09:34:21","date_gmt":"2022-11-14T09:34:21","guid":{"rendered":"https:\/\/www.ajcl.es\/?page_id=2866"},"modified":"2025-06-03T08:53:34","modified_gmt":"2025-06-03T08:53:34","slug":"unirse","status":"publish","type":"page","link":"https:\/\/www.ajcl.es\/index.php\/unirse\/","title":{"rendered":"Contacta"},"content":{"rendered":"\t\t<div data-elementor-type=\"wp-page\" data-elementor-id=\"2866\" class=\"elementor elementor-2866\">\n\t\t\t\t\t\t<section class=\"elementor-section elementor-top-section elementor-element elementor-element-54668f50 elementor-section-boxed elementor-section-height-default elementor-section-height-default\" data-id=\"54668f50\" data-element_type=\"section\" data-e-type=\"section\" data-settings=\"{&quot;background_background&quot;:&quot;classic&quot;}\">\n\t\t\t\t\t\t\t<div class=\"elementor-background-overlay\"><\/div>\n\t\t\t\t\t\t\t<div class=\"elementor-container elementor-column-gap-default\">\n\t\t\t\t\t<div class=\"elementor-column elementor-col-100 elementor-top-column elementor-element elementor-element-39369ac8\" data-id=\"39369ac8\" data-element_type=\"column\" data-e-type=\"column\" data-settings=\"{&quot;background_background&quot;:&quot;classic&quot;}\">\n\t\t\t<div class=\"elementor-widget-wrap elementor-element-populated\">\n\t\t\t\t\t\t<div class=\"elementor-element elementor-element-2b0be7cc elementor-widget elementor-widget-heading\" data-id=\"2b0be7cc\" data-element_type=\"widget\" data-e-type=\"widget\" data-widget_type=\"heading.default\">\n\t\t\t\t<div class=\"elementor-widget-container\">\n\t\t\t\t\t<h2 class=\"elementor-heading-title elementor-size-large\">Contacta<\/h2>\t\t\t\t<\/div>\n\t\t\t\t<\/div>\n\t\t\t\t<div class=\"elementor-element elementor-element-2855f205 elementor-widget elementor-widget-text-editor\" data-id=\"2855f205\" data-element_type=\"widget\" data-e-type=\"widget\" data-widget_type=\"text-editor.default\">\n\t\t\t\t<div class=\"elementor-widget-container\">\n\t\t\t\t\t\t\t\t\t<p><strong>\u00a1Abramos puertas a la educaci\u00f3n juntos!<\/strong>\u00a0\ud83d\udcda\ud83c\udf1f<br \/>La Asociaci\u00f3n Juan Carlos Lavalle (AJCL) es una organizaci\u00f3n privada sin \u00e1nimo de lucro comprometida con impulsar la cooperaci\u00f3n con pa\u00edses en desarrollo. Nuestro prop\u00f3sito es claro:\u00a0<strong>hacer que la educaci\u00f3n y medios de vida sostenibles sean una oportunidad para todos<\/strong>.<\/p><p><strong>S\u00e9 parte de este impacto transformador.<\/strong>\u00a0\ud83d\udca1<br \/>\u00danete a nuestro equipo y ay\u00fadanos a construir un mundo m\u00e1s equitativo, donde la educaci\u00f3n sea el puente hacia un futuro mejor.<\/p><p><strong>\u00a1El cambio empieza contigo!<\/strong><br \/>Rellena este cuestionario para formar parte de la AJCL o recibir m\u00e1s informaci\u00f3n sobre c\u00f3mo puedes contribuir a esta importante causa.<\/p>\t\t\t\t\t\t\t\t<\/div>\n\t\t\t\t<\/div>\n\t\t\t\t\t<\/div>\n\t\t<\/div>\n\t\t\t\t\t<\/div>\n\t\t<\/section>\n\t\t\t\t<section class=\"elementor-section elementor-top-section elementor-element elementor-element-2bb5773 elementor-section-boxed elementor-section-height-default elementor-section-height-default\" data-id=\"2bb5773\" data-element_type=\"section\" data-e-type=\"section\">\n\t\t\t\t\t\t<div class=\"elementor-container elementor-column-gap-default\">\n\t\t\t\t\t<div class=\"elementor-column elementor-col-100 elementor-top-column elementor-element elementor-element-f768314\" data-id=\"f768314\" data-element_type=\"column\" data-e-type=\"column\">\n\t\t\t<div class=\"elementor-widget-wrap elementor-element-populated\">\n\t\t\t\t\t\t<div class=\"elementor-element elementor-element-e2541b4 elementor-widget elementor-widget-bdt-contact-form-7\" data-id=\"e2541b4\" data-element_type=\"widget\" data-e-type=\"widget\" data-widget_type=\"bdt-contact-form-7.default\">\n\t\t\t\t<div class=\"elementor-widget-container\">\n\t\t\t\t\t\n<div class=\"wpcf7 no-js\" id=\"wpcf7-f3646-o1\" lang=\"es-ES\" dir=\"ltr\" data-wpcf7-id=\"3646\">\n<div class=\"screen-reader-response\"><p role=\"status\" aria-live=\"polite\" aria-atomic=\"true\"><\/p> <ul><\/ul><\/div>\n<form action=\"\/index.php\/wp-json\/wp\/v2\/pages\/2866#wpcf7-f3646-o1\" method=\"post\" class=\"wpcf7-form init\" aria-label=\"Formulario de contacto\" novalidate=\"novalidate\" data-status=\"init\">\n<fieldset class=\"hidden-fields-container\"><input type=\"hidden\" name=\"_wpcf7\" value=\"3646\" \/><input type=\"hidden\" name=\"_wpcf7_version\" value=\"6.1.5\" \/><input type=\"hidden\" name=\"_wpcf7_locale\" value=\"es_ES\" \/><input type=\"hidden\" name=\"_wpcf7_unit_tag\" value=\"wpcf7-f3646-o1\" \/><input type=\"hidden\" name=\"_wpcf7_container_post\" value=\"0\" \/><input type=\"hidden\" name=\"_wpcf7_posted_data_hash\" value=\"\" \/>\n<\/fieldset>\n<p><label> Nombre y apellidos*<br \/>\n<span class=\"wpcf7-form-control-wrap\" data-name=\"your-name\"><input size=\"40\" maxlength=\"400\" class=\"wpcf7-form-control wpcf7-text wpcf7-validates-as-required\" aria-required=\"true\" aria-invalid=\"false\" value=\"\" type=\"text\" name=\"your-name\" \/><\/span> <\/label>\n<\/p>\n<p><label> Email*<br \/>\n<span class=\"wpcf7-form-control-wrap\" data-name=\"your-email\"><input size=\"40\" maxlength=\"400\" class=\"wpcf7-form-control wpcf7-email wpcf7-validates-as-required wpcf7-text wpcf7-validates-as-email\" aria-required=\"true\" aria-invalid=\"false\" value=\"\" type=\"email\" name=\"your-email\" \/><\/span> <\/label>\n<\/p>\n<p><label> \u00a1Cu\u00e9ntanos c\u00f3mo te gustar\u00eda colaborar o m\u00e1ndanos tus dudas!<br \/>\n<span class=\"wpcf7-form-control-wrap\" data-name=\"your-message\"><textarea cols=\"40\" rows=\"10\" maxlength=\"2000\" class=\"wpcf7-form-control wpcf7-textarea\" aria-invalid=\"false\" name=\"your-message\"><\/textarea><\/span> <\/label>\n<\/p>\n<p><span class=\"wpcf7-form-control-wrap\" data-name=\"privacy-acceptance\"><span class=\"wpcf7-form-control wpcf7-acceptance\"><span class=\"wpcf7-list-item\"><label><input type=\"checkbox\" name=\"privacy-acceptance\" value=\"1\" aria-invalid=\"false\" \/><span class=\"wpcf7-list-item-label\">Acepto la <a href=\"https:\/\/www.ajcl.es\/wp-content\/uploads\/sites\/7\/2025\/02\/ProteccionDatosAJCL.pdf\" target=\"_blank\" rel=\"noopener noreferrer\">pol\u00edtica de privacidad<\/b><\/span><\/label><\/span><\/span><\/span>\n<\/p>\n<p><input class=\"wpcf7-form-control wpcf7-submit has-spinner\" type=\"submit\" value=\"Enviar\" \/>\n<\/p><div class=\"wpcf7-response-output\" aria-hidden=\"true\"><\/div>\n<\/form>\n<\/div>\n\t\t\t\t<\/div>\n\t\t\t\t<\/div>\n\t\t\t\t\t<\/div>\n\t\t<\/div>\n\t\t\t\t\t<\/div>\n\t\t<\/section>\n\t\t\t\t<section class=\"elementor-section elementor-top-section elementor-element elementor-element-36f85fc6 elementor-section-boxed elementor-section-height-default elementor-section-height-default\" data-id=\"36f85fc6\" data-element_type=\"section\" data-e-type=\"section\" data-settings=\"{&quot;background_background&quot;:&quot;classic&quot;}\">\n\t\t\t\t\t\t<div class=\"elementor-container elementor-column-gap-default\">\n\t\t\t\t\t<div class=\"elementor-column elementor-col-25 elementor-top-column elementor-element elementor-element-1f1ba3d\" data-id=\"1f1ba3d\" data-element_type=\"column\" data-e-type=\"column\">\n\t\t\t<div class=\"elementor-widget-wrap elementor-element-populated\">\n\t\t\t\t\t\t<div class=\"elementor-element elementor-element-e7b9a4 elementor-widget__width-auto elementor-widget elementor-widget-image\" data-id=\"e7b9a4\" data-element_type=\"widget\" data-e-type=\"widget\" data-widget_type=\"image.default\">\n\t\t\t\t<div class=\"elementor-widget-container\">\n\t\t\t\t\t\t\t\t\t\t\t\t\t\t\t<img fetchpriority=\"high\" decoding=\"async\" width=\"567\" height=\"137\" src=\"https:\/\/www.ajcl.es\/wp-content\/uploads\/sites\/7\/2022\/11\/logo_AJCL.png\" class=\"attachment-large size-large wp-image-3106\" alt=\"\" srcset=\"https:\/\/www.ajcl.es\/wp-content\/uploads\/sites\/7\/2022\/11\/logo_AJCL.png 567w, https:\/\/www.ajcl.es\/wp-content\/uploads\/sites\/7\/2022\/11\/logo_AJCL-300x72.png 300w\" sizes=\"(max-width: 567px) 100vw, 567px\" \/>\t\t\t\t\t\t\t\t\t\t\t\t\t\t\t<\/div>\n\t\t\t\t<\/div>\n\t\t\t\t\t<\/div>\n\t\t<\/div>\n\t\t\t\t<div class=\"elementor-column elementor-col-25 elementor-top-column elementor-element elementor-element-753b19b2\" data-id=\"753b19b2\" data-element_type=\"column\" data-e-type=\"column\">\n\t\t\t<div class=\"elementor-widget-wrap elementor-element-populated\">\n\t\t\t\t\t\t<div class=\"elementor-element elementor-element-7c355671 elementor-widget elementor-widget-heading\" data-id=\"7c355671\" data-element_type=\"widget\" data-e-type=\"widget\" data-widget_type=\"heading.default\">\n\t\t\t\t<div class=\"elementor-widget-container\">\n\t\t\t\t\t<h4 class=\"elementor-heading-title elementor-size-default\">Localizaci\u00f3n<\/h4>\t\t\t\t<\/div>\n\t\t\t\t<\/div>\n\t\t\t\t<div class=\"elementor-element elementor-element-3e1ed9b5 elementor-widget elementor-widget-text-editor\" data-id=\"3e1ed9b5\" data-element_type=\"widget\" data-e-type=\"widget\" data-widget_type=\"text-editor.default\">\n\t\t\t\t<div class=\"elementor-widget-container\">\n\t\t\t\t\t\t\t\t\t<p>C\/ Alberto Aguilera 25,<\/p><p>28015 &#8211; Madrid,<\/p><p>Espa\u00f1a<\/p>\t\t\t\t\t\t\t\t<\/div>\n\t\t\t\t<\/div>\n\t\t\t\t\t<\/div>\n\t\t<\/div>\n\t\t\t\t<div class=\"elementor-column elementor-col-25 elementor-top-column elementor-element elementor-element-29b515d8\" data-id=\"29b515d8\" data-element_type=\"column\" data-e-type=\"column\">\n\t\t\t<div class=\"elementor-widget-wrap elementor-element-populated\">\n\t\t\t\t\t\t<div class=\"elementor-element elementor-element-15dde4fe elementor-widget elementor-widget-heading\" data-id=\"15dde4fe\" data-element_type=\"widget\" data-e-type=\"widget\" data-widget_type=\"heading.default\">\n\t\t\t\t<div class=\"elementor-widget-container\">\n\t\t\t\t\t<h4 class=\"elementor-heading-title elementor-size-default\">Contacto<\/h4>\t\t\t\t<\/div>\n\t\t\t\t<\/div>\n\t\t\t\t<div class=\"elementor-element elementor-element-3a4a7eff elementor-widget elementor-widget-text-editor\" data-id=\"3a4a7eff\" data-element_type=\"widget\" data-e-type=\"widget\" data-widget_type=\"text-editor.default\">\n\t\t\t\t<div class=\"elementor-widget-container\">\n\t\t\t\t\t\t\t\t\t<p>(+34) 91 542 2800 ext 2707<\/p><p>ajcl@comillas.edu<\/p>\t\t\t\t\t\t\t\t<\/div>\n\t\t\t\t<\/div>\n\t\t\t\t\t<\/div>\n\t\t<\/div>\n\t\t\t\t<div class=\"elementor-column elementor-col-25 elementor-top-column elementor-element elementor-element-73cedb1\" data-id=\"73cedb1\" data-element_type=\"column\" data-e-type=\"column\">\n\t\t\t<div class=\"elementor-widget-wrap elementor-element-populated\">\n\t\t\t\t\t\t<div class=\"elementor-element elementor-element-1ead224 elementor-align-center elementor-tablet-align-center elementor-mobile-align-center elementor-widget elementor-widget-button\" data-id=\"1ead224\" data-element_type=\"widget\" data-e-type=\"widget\" data-widget_type=\"button.default\">\n\t\t\t\t<div class=\"elementor-widget-container\">\n\t\t\t\t\t\t\t\t\t<div class=\"elementor-button-wrapper\">\n\t\t\t\t\t<a class=\"elementor-button elementor-button-link elementor-size-sm elementor-animation-grow\" href=\"#\">\n\t\t\t\t\t\t<span class=\"elementor-button-content-wrapper\">\n\t\t\t\t\t\t<span class=\"elementor-button-icon\">\n\t\t\t\t<i aria-hidden=\"true\" class=\"fas fa-caret-right\"><\/i>\t\t\t<\/span>\n\t\t\t\t\t\t\t\t\t<span class=\"elementor-button-text\">Contactar<\/span>\n\t\t\t\t\t<\/span>\n\t\t\t\t\t<\/a>\n\t\t\t\t<\/div>\n\t\t\t\t\t\t\t\t<\/div>\n\t\t\t\t<\/div>\n\t\t\t\t\t<\/div>\n\t\t<\/div>\n\t\t\t\t\t<\/div>\n\t\t<\/section>\n\t\t\t\t<\/div>\n\t\t","protected":false},"excerpt":{"rendered":"<p>Contacta \u00a1Abramos puertas a la educaci\u00f3n juntos!\u00a0\ud83d\udcda\ud83c\udf1fLa Asociaci\u00f3n Juan Carlos Lavalle (AJCL) es una organizaci\u00f3n privada sin \u00e1nimo de lucro comprometida con impulsar la cooperaci\u00f3n con pa\u00edses en desarrollo. Nuestro prop\u00f3sito es claro:\u00a0hacer que la educaci\u00f3n y medios de vida sostenibles sean una oportunidad para todos. S\u00e9 parte de este impacto transformador.\u00a0\ud83d\udca1\u00danete a nuestro equipo [&hellip;]<\/p>\n","protected":false},"author":46,"featured_media":0,"parent":0,"menu_order":0,"comment_status":"closed","ping_status":"closed","template":"elementor_header_footer","meta":{"footnotes":""},"class_list":["post-2866","page","type-page","status-publish","hentry"],"_links":{"self":[{"href":"https:\/\/www.ajcl.es\/index.php\/wp-json\/wp\/v2\/pages\/2866","targetHints":{"allow":["GET"]}}],"collection":[{"href":"https:\/\/www.ajcl.es\/index.php\/wp-json\/wp\/v2\/pages"}],"about":[{"href":"https:\/\/www.ajcl.es\/index.php\/wp-json\/wp\/v2\/types\/page"}],"author":[{"embeddable":true,"href":"https:\/\/www.ajcl.es\/index.php\/wp-json\/wp\/v2\/users\/46"}],"replies":[{"embeddable":true,"href":"https:\/\/www.ajcl.es\/index.php\/wp-json\/wp\/v2\/comments?post=2866"}],"version-history":[{"count":26,"href":"https:\/\/www.ajcl.es\/index.php\/wp-json\/wp\/v2\/pages\/2866\/revisions"}],"predecessor-version":[{"id":3903,"href":"https:\/\/www.ajcl.es\/index.php\/wp-json\/wp\/v2\/pages\/2866\/revisions\/3903"}],"wp:attachment":[{"href":"https:\/\/www.ajcl.es\/index.php\/wp-json\/wp\/v2\/media?parent=2866"}],"curies":[{"name":"wp","href":"https:\/\/api.w.org\/{rel}","templated":true}]}}